{"id":18,"date":"2015-08-28T11:54:34","date_gmt":"2015-08-28T11:54:34","guid":{"rendered":"http:\/\/zozothemes.com\/wp\/mist\/xml\/?page_id=18"},"modified":"2025-03-12T20:40:43","modified_gmt":"2025-03-12T20:40:43","slug":"la-empresa-company","status":"publish","type":"page","link":"https:\/\/americancontainer.cl\/en\/la-empresa-company\/","title":{"rendered":"The Company"},"content":{"rendered":"<section class=\"wpb-content-wrapper\"><section class=\"vc_row wpb_row vc_row-fluid vc_custom_1700750116526 vc-zozo-section typo-dark\"><div class=\"zozo-vc-main-row-inner vc-normal-section\"><div class=\"container\"><div class=\"row\"><div class=\"wpb_column vc_main_column vc_column_container vc_col-sm-12 typo-default\"><div class=\"vc_column-inner\"><div class=\"wpb_wrapper\"><div id=\"ultimate-heading-101569e5cd3ec1e92\" class=\"uvc-heading ult-adjust-bottom-margin ultimate-heading-101569e5cd3ec1e92 uvc-9249\" data-hspacer=\"line_with_icon\" data-hline_width=\"150\" data-hicon_type=\"selector\" data-hborder_style=\"solid\" data-hborder_height=\"1\" data-hborder_color=\"#e1e1e1\" data-icon_width=\"14\" data-hfixer=\"10\"  data-halign=\"center\" style=\"text-align:center\"><div class=\"uvc-main-heading ult-responsive\"  data-ultimate-target='.uvc-heading.ultimate-heading-101569e5cd3ec1e92 h3'  data-responsive-json-new='{\"font-size\":\"\",\"line-height\":\"\"}' ><h3 style=\"font-weight:normal;\">Who are we?<\/h3><\/div><div class=\"uvc-heading-spacer line_with_icon\" style=\"margin-top:15px;margin-bottom:20px;height:14px;\"><div class=\"ult-just-icon-wrapper\"><div class=\"align-icon\" style=\"text-align:center;\">\n<div class=\"aio-icon none\"  style=\"font-size:14px;display:inline-block;\">\n\t<i class=\"icomoonpack1-cloudy2\"><\/i>\n<\/div><\/div><\/div><\/div><div class=\"uvc-sub-heading ult-responsive\"  data-ultimate-target='.uvc-heading.ultimate-heading-101569e5cd3ec1e92 .uvc-sub-heading '  data-responsive-json-new='{\"font-size\":\"desktop:20px;\",\"line-height\":\"\"}'  style=\"font-style:italic;font-weight:normal;margin-bottom:30px;\"><span style=\"font-weight: 400;\">We are a Chilean company specializing in international transportation and logistics, equipped with technology that provides absolute traceability from door to door. <\/span><\/p>\n<p class=\"translation-block\">At <b><i>American Container Line<\/i><\/b><span style=\"font-weight: 400\">, we take pride in our long history in the transportation and logistics sector. Since our inception in 1992, with over 31 years of experience, we have solidified our position in the market <\/span><span style=\"font-weight: 400\">and witnessed the consistent growth of many of our clients.<\/span><\/div><\/div><\/div><\/div><\/div><\/div><\/div><\/div><\/section>\t\r\n\r\n\r\n\t<section class=\"vc_row wpb_row vc_row-fluid vc_custom_1700750850117 vc-zozo-section typo-dark\"><div class=\"zozo-vc-main-row-inner vc-normal-section\"><div class=\"wpb_animate_when_almost_visible wpb_left-to-right left-to-right wpb_column vc_main_column vc_column_container vc_col-sm-6 vc_col-lg-3 vc_col-md-3 vc_col-has-fill typo-default wpb_animate_when_almost_visible wpb_left-to-right left-to-right\"><div class=\"vc_column-inner vc_custom_1440653562914\"><div class=\"wpb_wrapper\"><div class=\"zozo-feature-box feature-box-style style-default-box style-sep-yes  wpb_animate_when_almost_visible wpb_appear\" id=\"feature-box-1\"><div class=\"grid-item\"><div class=\"grid-box-inner grid-text-center grid-box-large grid-box-icon-none grid-shape-none\"><div class=\"grid-icon-wrapper icon-hv-color shape-icon-none\"><i class=\"simple-icon icon-user-follow grid-icon zozo-icon icon-none icon-skin-default icon-bg pattern-1 icon-large\"><\/i><\/div><h5 class=\"grid-title-below grid-title\" >Our mission<\/h5><div class=\"grid-desc\" ><p><span style=\"font-weight: 400;\">To achieve what others cannot and reach where others have not.<\/span><\/p>\n<\/div><\/div><\/div><\/div><\/div><\/div><\/div><div class=\"wpb_animate_when_almost_visible wpb_appear appear wpb_column vc_main_column vc_column_container vc_col-sm-6 vc_col-lg-3 vc_col-md-3 vc_col-has-fill typo-default wpb_animate_when_almost_visible wpb_appear appear\"><div class=\"vc_column-inner vc_custom_1440653581807\"><div class=\"wpb_wrapper\"><div class=\"zozo-feature-box feature-box-style style-default-box style-sep-yes  wpb_animate_when_almost_visible wpb_appear\" id=\"feature-box-2\"><div class=\"grid-item\"><div class=\"grid-box-inner grid-text-center grid-box-large grid-box-icon-none grid-shape-none\"><div class=\"grid-icon-wrapper icon-hv-color shape-icon-none\"><i class=\"simple-icon icon-users grid-icon zozo-icon icon-none icon-skin-default icon-bg pattern-1 icon-large\"><\/i><\/div><h5 class=\"grid-title-below grid-title\" >Our vision<\/h5><div class=\"grid-desc\" ><p><span style=\"font-weight: 400;\">To have the talent, tools, and innovation to accomplish any shipment with safety and responsibility.<\/span><\/p>\n<\/div><\/div><\/div><\/div><\/div><\/div><\/div><div class=\"wpb_animate_when_almost_visible wpb_right-to-left right-to-left wpb_column vc_main_column vc_column_container vc_col-sm-6 vc_col-lg-3 vc_col-md-3 vc_col-has-fill typo-default wpb_animate_when_almost_visible wpb_right-to-left right-to-left\"><div class=\"vc_column-inner vc_custom_1440653600201\"><div class=\"wpb_wrapper\"><div class=\"zozo-feature-box feature-box-style style-default-box style-sep-yes  wpb_animate_when_almost_visible wpb_appear\" id=\"feature-box-3\"><div class=\"grid-item\"><div class=\"grid-box-inner grid-text-center grid-box-large grid-box-icon-none grid-shape-none\"><div class=\"grid-icon-wrapper icon-hv-color shape-icon-none\"><i class=\"simple-icon icon-heart grid-icon zozo-icon icon-none icon-skin-default icon-bg pattern-1 icon-large\"><\/i><\/div><h5 class=\"grid-title-below grid-title\" >Our values<\/h5><div class=\"grid-desc\" ><p><span style=\"font-weight: 400;\">We are a strong and responsible team that approaches each project with enthusiasm and provides personalized problem solving.<\/span><\/p>\n<\/div><\/div><\/div><\/div><\/div><\/div><\/div><div class=\"wpb_animate_when_almost_visible wpb_appear appear wpb_column vc_main_column vc_column_container vc_col-sm-6 vc_col-lg-3 vc_col-md-3 vc_col-has-fill typo-default wpb_animate_when_almost_visible wpb_appear appear\"><div class=\"vc_column-inner vc_custom_1440653618463\"><div class=\"wpb_wrapper\"><div class=\"zozo-feature-box feature-box-style style-default-box style-sep-yes  wpb_animate_when_almost_visible wpb_appear\" id=\"feature-box-4\"><div class=\"grid-item\"><div class=\"grid-box-inner grid-text-center grid-box-large grid-box-icon-none grid-shape-none\"><div class=\"grid-icon-wrapper icon-hv-color shape-icon-none\"><i class=\"flaticon flaticon-33 grid-icon zozo-icon icon-none icon-skin-default icon-bg pattern-1 icon-large\"><\/i><\/div><h5 class=\"grid-title-below grid-title\" >What sets up apart<\/h5><div class=\"grid-desc\" ><p><span style=\"font-weight: 400;\">We have a dedicated team for national and global shipments, with agents in unexpected locations, giving us worldwide coverage.<\/span><\/p>\n<\/div><\/div><\/div><\/div><\/div><\/div><\/div><\/div><\/section>\t\r\n\r\n<!-- Row Backgrounds --><div class=\"upb_color\" data-bg-override=\"0\" data-bg-color=\"\" data-fadeout=\"\" data-fadeout-percentage=\"30\" data-parallax-content=\"\" data-parallax-content-sense=\"30\" data-row-effect-mobile-disable=\"true\" data-img-parallax-mobile-disable=\"true\" data-rtl=\"false\"  data-custom-vc-row=\"\"  data-vc=\"7.0\"  data-is_old_vc=\"\"  data-theme-support=\"\"   data-overlay=\"false\" data-overlay-color=\"\" data-overlay-pattern=\"\" data-overlay-pattern-opacity=\"\" data-overlay-pattern-size=\"\"    ><\/div>\r\n\t<section class=\"vc_row wpb_row vc_row-fluid vc-zozo-section typo-dark\"><div class=\"zozo-vc-main-row-inner vc-normal-section\"><div class=\"container\"><div class=\"row\"><div class=\"wpb_column vc_main_column vc_column_container vc_col-sm-6 typo-default\"><div class=\"vc_column-inner\"><div class=\"wpb_wrapper\">\n\t<div  class=\"wpb_single_image wpb_content_element vc_align_center  vc_custom_1733949668009\">\n\t\t\n\t\t<figure class=\"wpb_wrapper vc_figure\">\n\t\t\t<div class=\"vc_single_image-wrapper   vc_box_border_grey\"><img loading=\"lazy\" decoding=\"async\" class=\"vc_single_image-img\" src=\"https:\/\/americancontainer.cl\/wp-content\/uploads\/2024\/12\/quienes_somos2.jpg\" width=\"900\" height=\"600\" alt=\"quienes_somos2\" title=\"quienes_somos2\" \/><\/div>\n\t\t<\/figure>\n\t<\/div>\n<\/div><\/div><\/div><div class=\"wpb_column vc_main_column vc_column_container vc_col-sm-6 typo-default\"><div class=\"vc_column-inner\"><div class=\"wpb_wrapper\"><div id=\"ultimate-heading-537469e5cd3ec4050\" class=\"uvc-heading ult-adjust-bottom-margin ultimate-heading-537469e5cd3ec4050 uvc-656\" data-hspacer=\"line_with_icon\" data-hline_width=\"150\" data-hicon_type=\"selector\" data-hborder_style=\"solid\" data-hborder_height=\"1\" data-hborder_color=\"#cccccc\" data-icon_width=\"8\" data-hfixer=\"10\"  data-halign=\"left\" style=\"text-align:left\"><div class=\"uvc-main-heading ult-responsive\"  data-ultimate-target='.uvc-heading.ultimate-heading-537469e5cd3ec4050 h3'  data-responsive-json-new='{\"font-size\":\"\",\"line-height\":\"\"}' ><h3 style=\"font-weight:normal;\">AMERICAN CONTAINER LINE<\/h3><\/div><div class=\"uvc-heading-spacer line_with_icon\" style=\"margin-top:15px;margin-bottom:20px;height:8px;\"><div class=\"ult-just-icon-wrapper\"><div class=\"align-icon\" style=\"text-align:left;\">\n<div class=\"aio-icon none\"  style=\"font-size:8px;\">\n\t<i class=\"Defaults-circle\"><\/i>\n<\/div><\/div><\/div><\/div><div class=\"uvc-sub-heading ult-responsive translation-block\"  data-ultimate-target='.uvc-heading.ultimate-heading-537469e5cd3ec4050 .uvc-sub-heading '  data-responsive-json-new='{\"font-size\":\"desktop:20px;\",\"line-height\":\"desktop:28px;\"}'  style=\"font-family:&#039;Lato&#039;;font-style:italic;font-weight:normal;margin-bottom:40px;\"><span style=\"font-weight: 400\">Today, we have over 60 highly trained professionals dedicated to export and import services, distributed across various fields covering all aspects of cargo transportation, international logistics, customized company logistics, <\/span><span style=\"font-weight: 400\">supply chain optimization, and more.<\/span><\/div><\/div><div class=\"zozo-features-list-wrapper vc-features-list\"><div class=\"features-list\"><div class=\"features-list-inner list-text-default\"><div class=\"features-icon\"><i class=\"icomoon1 icomoon-checkmark2 list-icon\" style=\"font-size:20px;\"><\/i><\/div><div class=\"list-desc\"><h4><b>WE ARE YOUR BEST ALLY<\/b><\/h4>\n<p><span style=\"font-weight: 400;\">We are always there, ready to address any concerns, provide guidance, and accompany each client, delivering integrated logistical solutions.<\/span><\/p>\n<\/div><\/div><\/div><\/div><div class=\"zozo-features-list-wrapper vc-features-list\"><div class=\"features-list\"><div class=\"features-list-inner list-text-default\"><div class=\"features-icon\"><i class=\"icomoon1 icomoon-checkmark2 list-icon\" style=\"font-size:20px;\"><\/i><\/div><div class=\"list-desc\"><h4><strong>SUPPORTING GROWTH<\/strong><\/h4>\n<p class=\"translation-block\"><span style=\"font-weight: 400\">When we take on a project, the commitment is 100%. Whether the transportation is <\/span><span style=\"font-weight: 400\">national or international,<\/span><span style=\"font-weight: 400\"> we are dedicated to providing the successful completion of their shipment.<\/span><\/p>\n<\/div><\/div><\/div><\/div><div class=\"zozo-features-list-wrapper vc-features-list\"><div class=\"features-list\"><div class=\"features-list-inner list-text-default\"><div class=\"features-icon\"><i class=\"icomoon1 icomoon-checkmark2 list-icon\" style=\"font-size:20px;\"><\/i><\/div><div class=\"list-desc\"><h4><strong>YOUR PROJECT IS OUR PRIORITY<\/strong><\/h4>\n<p><span style=\"font-weight: 400;\">We approach every project with the dedication it deserves, relying on a global distribution network and international logistics operators who take care to ensure the success of each project.<\/span><\/p>\n<\/div><\/div><\/div><\/div><\/div><\/div><\/div><\/div><\/div><\/div><\/section>\t\r\n\r\n\r\n\t<section class=\"vc_row wpb_row vc_row-fluid vc_custom_1700751569838 vc_row-has-fill vc-zozo-section typo-light\"><div class=\"zozo-vc-main-row-inner vc-normal-section\"><div class=\"wpb_column vc_main_column vc_column_container vc_col-sm-12 typo-default\"><div class=\"vc_column-inner\"><div class=\"wpb_wrapper\"><div class=\"vc_row wpb_row vc_inner vc_row-fluid\"><div class=\"zozo-vc-row-inner vc-inner-row-section clearfix vc-match-height-inner-row\"><div class=\"wpb_column vc_column_inner vc_column_container vc_col-sm-4 vc_col-has-fill typo-default\"><div class=\"vc_column-inner vc_custom_1700751372180\"><div class=\"wpb_wrapper\">\n\t<div  class=\"wpb_single_image wpb_content_element vc_align_center  wpb_animate_when_almost_visible wpb_fadeIn fadeIn\">\n\t\t\n\t\t<figure class=\"wpb_wrapper vc_figure\">\n\t\t\t<div class=\"vc_single_image-wrapper   vc_box_border_grey\"><img loading=\"lazy\" decoding=\"async\" width=\"290\" height=\"67\" src=\"https:\/\/americancontainer.cl\/wp-content\/uploads\/2023\/11\/Logo_nosotros_interno.png\" class=\"vc_single_image-img attachment-full\" alt=\"\" title=\"Logo_nosotros_interno\" \/><\/div>\n\t\t<\/figure>\n\t<\/div>\n<\/div><\/div><\/div><div class=\"wpb_column vc_column_inner vc_column_container vc_col-sm-4 typo-default bg-style bg-normal\"><div class=\"vc_column-inner vc_custom_1440679997232\"><div class=\"wpb_wrapper\"><div class=\"zozo-feature-box feature-box-style style-info-box style-box-without-bg style-sep-yes\" id=\"feature-box-5\"><div class=\"grid-item\"><div class=\"grid-box-inner grid-text-left grid-box-image grid-shape-none\"><div class=\"grid-content-wrapper\"><h5 class=\"grid-title text-center\" style=\"color:#333333;\">ACL, YOUR COMPANY FOR NATIONAL AND INTERNATIONAL LOGISTICS AND TRANSPORTATION<\/h5><div class=\"grid-desc\" style=\"color:#333333;\"><p class=\"translation-block\"><span style=\"font-weight: 400\">Today, we can say that our clients have grown alongside <\/span><b><i>American<\/i><\/b> <b><i>Container Line,<\/i><\/b><span style=\"font-weight: 400\"> because we are always by their side providing quality service.<\/span><\/p>\n<\/div><\/div><\/div><\/div><\/div><\/div><\/div><\/div><div class=\"wpb_column vc_column_inner vc_column_container vc_col-sm-4 vc_col-has-fill typo-default\"><div class=\"vc_column-inner vc_custom_1700751384117\"><div class=\"wpb_wrapper\">\n\t<div  class=\"wpb_single_image wpb_content_element vc_align_center  wpb_animate_when_almost_visible wpb_fadeIn fadeIn\">\n\t\t\n\t\t<figure class=\"wpb_wrapper vc_figure\">\n\t\t\t<div class=\"vc_single_image-wrapper   vc_box_border_grey\"><img loading=\"lazy\" decoding=\"async\" width=\"290\" height=\"67\" src=\"https:\/\/americancontainer.cl\/wp-content\/uploads\/2023\/11\/Logo_nosotros_interno.png\" class=\"vc_single_image-img attachment-full\" alt=\"\" title=\"Logo_nosotros_interno\" \/><\/div>\n\t\t<\/figure>\n\t<\/div>\n<\/div><\/div><\/div><\/div><\/div><\/div><\/div><\/div><\/div><\/section>\t\r\n\r\n\r\n\t<section class=\"vc_row wpb_row vc_row-fluid vc_custom_1700762129541 vc-zozo-section typo-dark\"><div class=\"zozo-vc-main-row-inner vc-normal-section\"><div class=\"container\"><div class=\"row\"><div class=\"wpb_column vc_main_column vc_column_container vc_col-sm-12 typo-default\"><div class=\"vc_column-inner vc_custom_1438151775550\"><div class=\"wpb_wrapper\"><section class=\"vc_cta3-container\"><div class=\"vc_general vc_cta3 vc_cta3-style-default vc_cta3-shape-rounded vc_cta3-align-center vc_cta3-color-classic vc_cta3-icon-size-md vc_cta3-actions-bottom\"><div class=\"vc_cta3_content-container\"><div class=\"vc_cta3-content\"><header class=\"vc_cta3-content-header\"><h4>Contact Us<\/h4><\/header><p>We want to be your partners in logistics and transportation projects. Request a quote from us; we are happy to assist you.<\/p>\n<\/div><div class=\"vc_cta3-actions\"><div class=\"vc_btn3-container vc_btn3-inline\" ><a class=\"vc_general vc_btn3 vc_btn3-size-md vc_btn3-shape-rounded vc_btn3-style-default vc_btn3-color-primary-bg\" href=\"https:\/\/americancontainer.cl\/en\/contacto-contact\/\" title=\"Contact\">Write to us<\/a><\/div><\/div><\/div><\/div><\/section><\/div><\/div><\/div><\/div><\/div><\/div><\/section>\t\r\n\r\n\r\n\t<section class=\"vc_row wpb_row vc_row-fluid vc_custom_1700762138604 vc_row-has-fill vc-zozo-section typo-light\"><div class=\"zozo-vc-main-row-inner vc-normal-section\"><div class=\"container\"><div class=\"row\"><div class=\"wpb_column vc_main_column vc_column_container vc_col-sm-12 typo-default\"><div class=\"vc_column-inner\"><div class=\"wpb_wrapper\"><section class=\"vc_cta3-container\"><div class=\"vc_general vc_cta3 vc_cta3-style-default vc_cta3-shape-rounded vc_cta3-align-left vc_cta3-color-classic vc_cta3-icon-size-md vc_cta3-actions-right\"><div class=\"vc_cta3_content-container\"><div class=\"vc_cta3-content\"><header class=\"vc_cta3-content-header\"><h2>Do you want to know more about us? We invite you to download our presentation<\/h2><\/header><\/div><div class=\"vc_cta3-actions\"><div class=\"vc_btn3-container vc_btn3-center\" ><a class=\"vc_general vc_btn3 vc_btn3-size-md vc_btn3-shape-rounded vc_btn3-style-default vc_btn3-color-primary-bg\" href=\"https:\/\/americancontainer.cl\/wp-content\/uploads\/2025\/03\/ACL_Presentacion.pdf\" title=\"Presentaci\u00f3n American Container Line\" target=\"_blank\">Click here<\/a><\/div><\/div><\/div><\/div><\/section><\/div><\/div><\/div><\/div><\/div><\/div><\/section>\t\r\n\r\n<!-- Row Backgrounds --><div class=\"upb_bg_img\" data-ultimate-bg=\"url(https:\/\/americancontainer.cl\/wp-content\/uploads\/2023\/10\/Logo_header_3.png)\" data-image-id=\"6\" data-ultimate-bg-style=\"vcpb-vz-jquery\" data-bg-img-repeat=\"repeat\" data-bg-img-size=\"cover\" data-bg-img-position=\"\" data-parallx_sense=\"30\" data-bg-override=\"0\" data-bg_img_attach=\"scroll\" data-upb-overlay-color=\"rgba(0,0,0,0.5)\" data-upb-bg-animation=\"\" data-fadeout=\"\" data-bg-animation=\"left-animation\" data-bg-animation-type=\"h\" data-animation-repeat=\"repeat\" data-fadeout-percentage=\"30\" data-parallax-content=\"\" data-parallax-content-sense=\"30\" data-row-effect-mobile-disable=\"true\" data-img-parallax-mobile-disable=\"true\" data-rtl=\"false\"  data-custom-vc-row=\"\"  data-vc=\"7.0\"  data-is_old_vc=\"\"  data-theme-support=\"\"   data-overlay=\"true\" data-overlay-color=\"rgba(0,0,0,0.5)\" data-overlay-pattern=\"\" data-overlay-pattern-opacity=\"0.8\" data-overlay-pattern-size=\"\" data-overlay-pattern-attachment=\"scroll\"    ><\/div>\n<\/section>","protected":false},"excerpt":{"rendered":"\u00bfQui\u00e9nes somos? Somos una empresa chilena, de transporte y log\u00edstica internacional con tecnolog\u00eda que permite contar con una trazabilidad absoluta de puerta a puerta. En American Container Line, nos enorgullecemos...","protected":false},"author":1,"featured_media":0,"parent":0,"menu_order":0,"comment_status":"closed","ping_status":"closed","template":"template-fullwidth.php","meta":{"footnotes":""},"class_list":["post-18","page","type-page","status-publish","hentry"],"yoast_head":"<!-- This site is optimized with the Yoast SEO plugin v22.1 - https:\/\/yoast.com\/wordpress\/plugins\/seo\/ -->\n<title>La Empresa - American Container Line Chile<\/title>\n<meta name=\"robots\" content=\"index, follow, max-snippet:-1, max-image-preview:large, max-video-preview:-1\" \/>\n<link rel=\"canonical\" href=\"https:\/\/americancontainer.cl\/en\/la-empresa-company\/\" \/>\n<meta property=\"og:locale\" content=\"en_US\" \/>\n<meta property=\"og:type\" content=\"article\" \/>\n<meta property=\"og:title\" content=\"La Empresa - American Container Line Chile\" \/>\n<meta property=\"og:url\" content=\"https:\/\/americancontainer.cl\/en\/la-empresa-company\/\" \/>\n<meta property=\"og:site_name\" content=\"American Container Line Chile\" \/>\n<meta property=\"article:modified_time\" content=\"2025-03-12T20:40:43+00:00\" \/>\n<meta name=\"twitter:card\" content=\"summary_large_image\" \/>\n<meta name=\"twitter:label1\" content=\"Est. reading time\" \/>\n\t<meta name=\"twitter:data1\" content=\"4 minutes\" \/>\n<script type=\"application\/ld+json\" class=\"yoast-schema-graph\">{\"@context\":\"https:\/\/schema.org\",\"@graph\":[{\"@type\":\"WebPage\",\"@id\":\"https:\/\/americancontainer.cl\/la-empresa-company\/\",\"url\":\"https:\/\/americancontainer.cl\/la-empresa-company\/\",\"name\":\"La Empresa - American Container Line Chile\",\"isPartOf\":{\"@id\":\"https:\/\/americancontainer.cl\/es_cl\/#website\"},\"datePublished\":\"2015-08-28T11:54:34+00:00\",\"dateModified\":\"2025-03-12T20:40:43+00:00\",\"breadcrumb\":{\"@id\":\"https:\/\/americancontainer.cl\/la-empresa-company\/#breadcrumb\"},\"inLanguage\":\"en-US\",\"potentialAction\":[{\"@type\":\"ReadAction\",\"target\":[\"https:\/\/americancontainer.cl\/la-empresa-company\/\"]}]},{\"@type\":\"BreadcrumbList\",\"@id\":\"https:\/\/americancontainer.cl\/la-empresa-company\/#breadcrumb\",\"itemListElement\":[{\"@type\":\"ListItem\",\"position\":1,\"name\":\"Portada\",\"item\":\"https:\/\/americancontainer.cl\/\"},{\"@type\":\"ListItem\",\"position\":2,\"name\":\"La Empresa\"}]},{\"@type\":\"WebSite\",\"@id\":\"https:\/\/americancontainer.cl\/es_cl\/#website\",\"url\":\"https:\/\/americancontainer.cl\/es_cl\/\",\"name\":\"American Container Line Chile\",\"description\":\"Empresa de transporte y log\u00edstica internacional\",\"potentialAction\":[{\"@type\":\"SearchAction\",\"target\":{\"@type\":\"EntryPoint\",\"urlTemplate\":\"https:\/\/americancontainer.cl\/es_cl\/?s={search_term_string}\"},\"query-input\":\"required name=search_term_string\"}],\"inLanguage\":\"en-US\"}]}<\/script>\n<!-- \/ Yoast SEO plugin. -->","yoast_head_json":{"title":"La Empresa - American Container Line Chile","robots":{"index":"index","follow":"follow","max-snippet":"max-snippet:-1","max-image-preview":"max-image-preview:large","max-video-preview":"max-video-preview:-1"},"canonical":"https:\/\/americancontainer.cl\/en\/la-empresa-company\/","og_locale":"en_US","og_type":"article","og_title":"La Empresa - American Container Line Chile","og_url":"https:\/\/americancontainer.cl\/en\/la-empresa-company\/","og_site_name":"American Container Line Chile","article_modified_time":"2025-03-12T20:40:43+00:00","twitter_card":"summary_large_image","twitter_misc":{"Est. reading time":"4 minutes"},"schema":{"@context":"https:\/\/schema.org","@graph":[{"@type":"WebPage","@id":"https:\/\/americancontainer.cl\/la-empresa-company\/","url":"https:\/\/americancontainer.cl\/la-empresa-company\/","name":"La Empresa - American Container Line Chile","isPartOf":{"@id":"https:\/\/americancontainer.cl\/es_cl\/#website"},"datePublished":"2015-08-28T11:54:34+00:00","dateModified":"2025-03-12T20:40:43+00:00","breadcrumb":{"@id":"https:\/\/americancontainer.cl\/la-empresa-company\/#breadcrumb"},"inLanguage":"en-US","potentialAction":[{"@type":"ReadAction","target":["https:\/\/americancontainer.cl\/la-empresa-company\/"]}]},{"@type":"BreadcrumbList","@id":"https:\/\/americancontainer.cl\/la-empresa-company\/#breadcrumb","itemListElement":[{"@type":"ListItem","position":1,"name":"Portada","item":"https:\/\/americancontainer.cl\/"},{"@type":"ListItem","position":2,"name":"La Empresa"}]},{"@type":"WebSite","@id":"https:\/\/americancontainer.cl\/es_cl\/#website","url":"https:\/\/americancontainer.cl\/es_cl\/","name":"American Container Line Chile","description":"Empresa de transporte y log\u00edstica internacional","potentialAction":[{"@type":"SearchAction","target":{"@type":"EntryPoint","urlTemplate":"https:\/\/americancontainer.cl\/es_cl\/?s={search_term_string}"},"query-input":"required name=search_term_string"}],"inLanguage":"en-US"}]}},"_links":{"self":[{"href":"https:\/\/americancontainer.cl\/en\/wp-json\/wp\/v2\/pages\/18","targetHints":{"allow":["GET"]}}],"collection":[{"href":"https:\/\/americancontainer.cl\/en\/wp-json\/wp\/v2\/pages"}],"about":[{"href":"https:\/\/americancontainer.cl\/en\/wp-json\/wp\/v2\/types\/page"}],"author":[{"embeddable":true,"href":"https:\/\/americancontainer.cl\/en\/wp-json\/wp\/v2\/users\/1"}],"replies":[{"embeddable":true,"href":"https:\/\/americancontainer.cl\/en\/wp-json\/wp\/v2\/comments?post=18"}],"version-history":[{"count":32,"href":"https:\/\/americancontainer.cl\/en\/wp-json\/wp\/v2\/pages\/18\/revisions"}],"predecessor-version":[{"id":1210,"href":"https:\/\/americancontainer.cl\/en\/wp-json\/wp\/v2\/pages\/18\/revisions\/1210"}],"wp:attachment":[{"href":"https:\/\/americancontainer.cl\/en\/wp-json\/wp\/v2\/media?parent=18"}],"curies":[{"name":"wp","href":"https:\/\/api.w.org\/{rel}","templated":true}]}}