{"id":659,"date":"2023-11-22T17:46:37","date_gmt":"2023-11-22T17:46:37","guid":{"rendered":"https:\/\/americancontainer.cl\/?page_id=659"},"modified":"2024-01-16T23:40:45","modified_gmt":"2024-01-16T23:40:45","slug":"noticias-news","status":"publish","type":"page","link":"https:\/\/americancontainer.cl\/en\/noticias-news\/","title":{"rendered":"News"},"content":{"rendered":"<section class=\"wpb-content-wrapper\"><section class=\"vc_row wpb_row vc_row-fluid vc_custom_1700723092949 vc-zozo-section typo-dark\"><div class=\"zozo-vc-main-row-inner vc-normal-section\"><div class=\"wpb_column vc_main_column vc_column_container vc_col-sm-12 typo-default\"><div class=\"vc_column-inner\"><div class=\"wpb_wrapper\"><div class=\"zozo-parallax-header\"><div class=\"parallax-header\"><h4 class=\"parallax-title text-center\">STAY INFORMED WITH ACL<\/h4><div class=\"parallax-desc default-style text-center\"><p class=\"translation-block\"><span style=\"font-weight: 400\">At <\/span><b><i>American Container Line<\/i><\/b><span style=\"font-weight: 400\">, we don't just make product deliveries; we deliver solutions and experiences that drive the engine of global logistics. <\/span><span style=\"font-weight: 400\">Join us on a journey through the news and trends in logistics and \u200b\u200btransportation, and reflect on our commitment to going above and beyond.\n<\/span><\/p>\n<\/div><\/div><\/div><\/div><\/div><\/div><\/div><\/section>\t\r\n\r\n\r\n\t<section class=\"vc_row wpb_row vc_row-fluid vc_custom_1700723151354 vc-zozo-section typo-dark\"><div class=\"zozo-vc-main-row-inner vc-normal-section\"><div class=\"wpb_column vc_main_column vc_column_container vc_col-sm-12 typo-default\"><div class=\"vc_column-inner\"><div class=\"wpb_wrapper\">\n\t<div class=\"wpb_text_column wpb_content_element\" >\n\t\t<div class=\"wpb_wrapper\">\n\t\t\t<div class=\"bdpp-wrap bdpp-lite bdpp-post-grid-wrap bdpp-post-data-wrap bdpp-design-1 bdpp-grid-3  bdpp-clearfix\" id=\"bdpp-post-grid-1\">\r\n\t<div class=\"bdpp-post-grid-inr-wrap bdpp-post-data-inr-wrap bdpp-clearfix\"><div class=\"bdpp-post-grid bdpp-col-3 bdpp-columns bdpp-post-1312 bdpp-post-standard bdpp-first bdpp-has-thumb\">\r\n\t<div class=\"bdpp-post-grid-content\">\r\n\t\t\t\t<div class=\"bdpp-post-img-bg\">\r\n\t\t\t<a href=\"https:\/\/americancontainer.cl\/en\/certificados-iso-9001-y-14001-pilares-de-la-gestion-moderna\/\">\r\n\t\t\t\t<img decoding=\"async\" src=\"https:\/\/americancontainer.cl\/wp-content\/uploads\/2025\/07\/iso-web-e1752526638180.jpg\" class=\"bdpp-img bdpp-post-feat-img\" alt=\"CERTIFICADOS: ISO 9001 y 14001, Pilares de la Gesti\u00f3n Moderna\" \/>\r\n\t\t\t\t\t\t\t<\/a>\r\n\t\t<\/div>\r\n\t\t\r\n\t\t<h2 class=\"bdpp-post-title\">\r\n\t\t\t<a href=\"https:\/\/americancontainer.cl\/en\/certificados-iso-9001-y-14001-pilares-de-la-gestion-moderna\/\">CERTIFICADOS: ISO 9001 y 14001, Pilares de la Gesti\u00f3n Moderna<\/a>\r\n\t\t<\/h2>\r\n\r\n\t\t\t\t<div class=\"bdpp-post-meta bdpp-post-meta-up\">\r\n\t\t\t<span class=\"bdpp-post-meta-data bdpp-post-date\"><i class=\"bdpp-fa fa-regular fa-clock\"><\/i>July 14, 2025<\/span>\t\t<\/div>\r\n\t\t\t\t<div class=\"bdpp-post-content\">\r\n\t\t\t<div class=\"bdpp-post-desc\">Nos complace anunciar que en AMERICAN CONTAINER LINE hemos obtenido las prestigiosas certificaciones ISO 9001:2015 (Gesti\u00f3n de Calidad) e ISO 14001:2015 (Gesti\u00f3n Ambiental). Estas certificaciones no son meros sellos, son la validaci\u00f3n de nuestro compromiso inquebrantable con la excelencia operativa...<\/div>\r\n\t\t\t\t\t\t<a href=\"https:\/\/americancontainer.cl\/en\/certificados-iso-9001-y-14001-pilares-de-la-gestion-moderna\/\" class=\"bdpp-rdmr-btn\">Read More<\/a>\r\n\t\t\t\t\t<\/div>\r\n\t\t\t<\/div>\r\n<\/div><div class=\"bdpp-post-grid bdpp-col-3 bdpp-columns bdpp-post-1309 bdpp-post-standard bdpp-has-thumb\">\r\n\t<div class=\"bdpp-post-grid-content\">\r\n\t\t\t\t<div class=\"bdpp-post-img-bg\">\r\n\t\t\t<a href=\"https:\/\/americancontainer.cl\/en\/inteligencia-logistica-estrategica-navegando-la-incertidumbre-con-precision\/\">\r\n\t\t\t\t<img decoding=\"async\" src=\"https:\/\/americancontainer.cl\/wp-content\/uploads\/2025\/06\/werner-hilversum-vFLJEhS_y5w-unsplash-scaled.jpg\" class=\"bdpp-img bdpp-post-feat-img\" alt=\"Inteligencia Log\u00edstica Estrat\u00e9gica: Navegando la Incertidumbre con Precisi\u00f3n\" \/>\r\n\t\t\t\t\t\t\t<\/a>\r\n\t\t<\/div>\r\n\t\t\r\n\t\t<h2 class=\"bdpp-post-title\">\r\n\t\t\t<a href=\"https:\/\/americancontainer.cl\/en\/inteligencia-logistica-estrategica-navegando-la-incertidumbre-con-precision\/\">Inteligencia Log\u00edstica Estrat\u00e9gica: Navegando la Incertidumbre con Precisi\u00f3n<\/a>\r\n\t\t<\/h2>\r\n\r\n\t\t\t\t<div class=\"bdpp-post-meta bdpp-post-meta-up\">\r\n\t\t\t<span class=\"bdpp-post-meta-data bdpp-post-date\"><i class=\"bdpp-fa fa-regular fa-clock\"><\/i>June 30, 2025<\/span>\t\t<\/div>\r\n\t\t\t\t<div class=\"bdpp-post-content\">\r\n\t\t\t<div class=\"bdpp-post-desc\">En un entorno global caracterizado por la volatilidad y la complejidad, la capacidad de anticipar y gestionar disrupciones se ha convertido en el activo m\u00e1s valioso para la cadena de suministro. AMERICAN CONTAINER LINE como su socio estrat\u00e9gico, presentamos un...<\/div>\r\n\t\t\t\t\t\t<a href=\"https:\/\/americancontainer.cl\/en\/inteligencia-logistica-estrategica-navegando-la-incertidumbre-con-precision\/\" class=\"bdpp-rdmr-btn\">Read More<\/a>\r\n\t\t\t\t\t<\/div>\r\n\t\t\t<\/div>\r\n<\/div><div class=\"bdpp-post-grid bdpp-col-3 bdpp-columns bdpp-post-1305 bdpp-post-standard bdpp-has-thumb\">\r\n\t<div class=\"bdpp-post-grid-content\">\r\n\t\t\t\t<div class=\"bdpp-post-img-bg\">\r\n\t\t\t<a href=\"https:\/\/americancontainer.cl\/en\/informe-semanal-30-junio\/\">\r\n\t\t\t\t<img decoding=\"async\" src=\"https:\/\/americancontainer.cl\/wp-content\/uploads\/2025\/06\/der-wohnsinn-p3_qkAPWKQM-unsplash-scaled.jpg\" class=\"bdpp-img bdpp-post-feat-img\" alt=\"INFORME SEMANAL \u2013 30 DE JUNIO DE 2025\" \/>\r\n\t\t\t\t\t\t\t<\/a>\r\n\t\t<\/div>\r\n\t\t\r\n\t\t<h2 class=\"bdpp-post-title\">\r\n\t\t\t<a href=\"https:\/\/americancontainer.cl\/en\/informe-semanal-30-junio\/\">INFORME SEMANAL \u2013 30 DE JUNIO DE 2025<\/a>\r\n\t\t<\/h2>\r\n\r\n\t\t\t\t<div class=\"bdpp-post-meta bdpp-post-meta-up\">\r\n\t\t\t<span class=\"bdpp-post-meta-data bdpp-post-date\"><i class=\"bdpp-fa fa-regular fa-clock\"><\/i>June 30, 2025<\/span>\t\t<\/div>\r\n\t\t\t\t<div class=\"bdpp-post-content\">\r\n\t\t\t<div class=\"bdpp-post-desc\">En medio de una econom\u00eda global tensionada, dominada por los movimientos estrat\u00e9gicos y el recrudecimiento de conflictos en Medio Oriente, los mercados emergentes est\u00e1n mostrando se\u00f1ales de resiliencia y crecimiento relativo. Est\u00e1n ganando protagonismo log\u00edstico y comercial como alternativas clave...<\/div>\r\n\t\t\t\t\t\t<a href=\"https:\/\/americancontainer.cl\/en\/informe-semanal-30-junio\/\" class=\"bdpp-rdmr-btn\">Read More<\/a>\r\n\t\t\t\t\t<\/div>\r\n\t\t\t<\/div>\r\n<\/div><div class=\"bdpp-post-grid bdpp-col-3 bdpp-columns bdpp-post-1190 bdpp-post-standard bdpp-first bdpp-has-thumb\">\r\n\t<div class=\"bdpp-post-grid-content\">\r\n\t\t\t\t<div class=\"bdpp-post-img-bg\">\r\n\t\t\t<a href=\"https:\/\/americancontainer.cl\/en\/implementacion-normas-iso-9001-14001-iso-implementation-process\/\">\r\n\t\t\t\t<img decoding=\"async\" src=\"https:\/\/americancontainer.cl\/wp-content\/uploads\/2024\/12\/PHOTO-2024-10-02-15-29-50-002.jpg\" class=\"bdpp-img bdpp-post-feat-img\" alt=\"ACL en proceso de implementaci\u00f3n de las Normas ISO 9001 e ISO 14001\" \/>\r\n\t\t\t\t\t\t\t<\/a>\r\n\t\t<\/div>\r\n\t\t\r\n\t\t<h2 class=\"bdpp-post-title\">\r\n\t\t\t<a href=\"https:\/\/americancontainer.cl\/en\/implementacion-normas-iso-9001-14001-iso-implementation-process\/\">ACL in the process of implementing ISO 9001 and ISO 14001 Standards<\/a>\r\n\t\t<\/h2>\r\n\r\n\t\t\t\t<div class=\"bdpp-post-meta bdpp-post-meta-up\">\r\n\t\t\t<span class=\"bdpp-post-meta-data bdpp-post-date\"><i class=\"bdpp-fa fa-regular fa-clock\"><\/i>December 11, 2024<\/span>\t\t<\/div>\r\n\t\t\t\t<div class=\"bdpp-post-content\">\r\n\t\t\t<div class=\"bdpp-post-desc\">Nos complace informarles que nuestra Compa\u00f1\u00eda, American Container Line, l\u00edder en el sector de transporte y log\u00edstica internacional, se encuentra actualmente en proceso de implementaci\u00f3n de las Normas ISO 9001 e ISO 14001 en todos sus procesos. Estas certificaciones internacionales,...<\/div>\r\n\t\t\t\t\t\t<a href=\"https:\/\/americancontainer.cl\/en\/implementacion-normas-iso-9001-14001-iso-implementation-process\/\" class=\"bdpp-rdmr-btn\">Read More<\/a>\r\n\t\t\t\t\t<\/div>\r\n\t\t\t<\/div>\r\n<\/div><div class=\"bdpp-post-grid bdpp-col-3 bdpp-columns bdpp-post-299 bdpp-post-standard bdpp-has-thumb\">\r\n\t<div class=\"bdpp-post-grid-content\">\r\n\t\t\t\t<div class=\"bdpp-post-img-bg\">\r\n\t\t\t<a href=\"https:\/\/americancontainer.cl\/en\/logistica-elecromovilidad-logistics-electromobility\/\">\r\n\t\t\t\t<img decoding=\"async\" src=\"https:\/\/americancontainer.cl\/wp-content\/uploads\/2023\/10\/vehiculo_electrico.jpg\" class=\"bdpp-img bdpp-post-feat-img\" alt=\"Log\u00edstica y oportunidades en la electromovilidad\" \/>\r\n\t\t\t\t\t\t\t<\/a>\r\n\t\t<\/div>\r\n\t\t\r\n\t\t<h2 class=\"bdpp-post-title\">\r\n\t\t\t<a href=\"https:\/\/americancontainer.cl\/en\/logistica-elecromovilidad-logistics-electromobility\/\">Logistics and opportunities in Electromobility<\/a>\r\n\t\t<\/h2>\r\n\r\n\t\t\t\t<div class=\"bdpp-post-meta bdpp-post-meta-up\">\r\n\t\t\t<span class=\"bdpp-post-meta-data bdpp-post-date\"><i class=\"bdpp-fa fa-regular fa-clock\"><\/i>November 15, 2023<\/span>\t\t<\/div>\r\n\t\t\t\t<div class=\"bdpp-post-content\">\r\n\t\t\t<div class=\"bdpp-post-desc\">Navigating Towards the Future of Electromobility. Learn about the approach to an emerging area like electromobility and its growing relevance. Undoubtedly, we are in the midst of the electric vehicle boom, encompassing not only cars but also buses,...<\/div>\r\n\t\t\t\t\t\t<a href=\"https:\/\/americancontainer.cl\/en\/logistica-elecromovilidad-logistics-electromobility\/\" class=\"bdpp-rdmr-btn\">Read More<\/a>\r\n\t\t\t\t\t<\/div>\r\n\t\t\t\t<div class=\"bdpp-post-meta bdpp-post-meta-down\"><span class=\"bdpp-post-meta-data bdpp-post-tags\"><i class=\"bdpp-fa fa-solid fa-tags\"><\/i><a class=\"bdpp-post-cat-link bdpp-post-cat-56 bdpp-post-cat-acl\" href=\"https:\/\/americancontainer.cl\/en\/tag\/acl\/\">ACL<\/a>, <a class=\"bdpp-post-cat-link bdpp-post-cat-57 bdpp-post-cat-american-container-line\" href=\"https:\/\/americancontainer.cl\/en\/tag\/american-container-line\/\">American Container Line<\/a>, <a class=\"bdpp-post-cat-link bdpp-post-cat-59 bdpp-post-cat-envios\" href=\"https:\/\/americancontainer.cl\/en\/tag\/envios\/\">Shipments<\/a>, <a class=\"bdpp-post-cat-link bdpp-post-cat-52 bdpp-post-cat-gestion-de-logistica\" href=\"https:\/\/americancontainer.cl\/en\/tag\/gestion-de-logistica\/\">logistics management<\/a>, <a class=\"bdpp-post-cat-link bdpp-post-cat-58 bdpp-post-cat-logistica\" href=\"https:\/\/americancontainer.cl\/en\/tag\/logistica\/\">Logistics<\/a>, <a class=\"bdpp-post-cat-link bdpp-post-cat-49 bdpp-post-cat-transporte\" href=\"https:\/\/americancontainer.cl\/en\/tag\/transporte\/\">transport<\/a>, <a class=\"bdpp-post-cat-link bdpp-post-cat-55 bdpp-post-cat-transporte-internacional\" href=\"https:\/\/americancontainer.cl\/en\/tag\/transporte-internacional\/\">International transport<\/a><\/span><\/div>\r\n\t\t\t<\/div>\r\n<\/div><div class=\"bdpp-post-grid bdpp-col-3 bdpp-columns bdpp-post-325 bdpp-post-standard bdpp-has-thumb\">\r\n\t<div class=\"bdpp-post-grid-content\">\r\n\t\t\t\t<div class=\"bdpp-post-img-bg\">\r\n\t\t\t<a href=\"https:\/\/americancontainer.cl\/en\/nuevas-oficinas-new-offices\/\">\r\n\t\t\t\t<img decoding=\"async\" src=\"https:\/\/americancontainer.cl\/wp-content\/uploads\/2023\/10\/nuestras_oficinas.jpg\" class=\"bdpp-img bdpp-post-feat-img\" alt=\"Conoce nuestras nuevas oficinas\" \/>\r\n\t\t\t\t\t\t\t<\/a>\r\n\t\t<\/div>\r\n\t\t\r\n\t\t<h2 class=\"bdpp-post-title\">\r\n\t\t\t<a href=\"https:\/\/americancontainer.cl\/en\/nuevas-oficinas-new-offices\/\">Explore our new offices<\/a>\r\n\t\t<\/h2>\r\n\r\n\t\t\t\t<div class=\"bdpp-post-meta bdpp-post-meta-up\">\r\n\t\t\t<span class=\"bdpp-post-meta-data bdpp-post-date\"><i class=\"bdpp-fa fa-regular fa-clock\"><\/i>October 27, 2023<\/span>\t\t<\/div>\r\n\t\t\t\t<div class=\"bdpp-post-content\">\r\n\t\t\t<div class=\"bdpp-post-desc\">We have new offices in an even better location. Join us in celebrating a new chapter in our history, at an event we held last October with our valued clients. With great excitement and pride, we announce the opening...<\/div>\r\n\t\t\t\t\t\t<a href=\"https:\/\/americancontainer.cl\/en\/nuevas-oficinas-new-offices\/\" class=\"bdpp-rdmr-btn\">Read More<\/a>\r\n\t\t\t\t\t<\/div>\r\n\t\t\t\t<div class=\"bdpp-post-meta bdpp-post-meta-down\"><span class=\"bdpp-post-meta-data bdpp-post-tags\"><i class=\"bdpp-fa fa-solid fa-tags\"><\/i><a class=\"bdpp-post-cat-link bdpp-post-cat-56 bdpp-post-cat-acl\" href=\"https:\/\/americancontainer.cl\/en\/tag\/acl\/\">ACL<\/a>, <a class=\"bdpp-post-cat-link bdpp-post-cat-57 bdpp-post-cat-american-container-line\" href=\"https:\/\/americancontainer.cl\/en\/tag\/american-container-line\/\">American Container Line<\/a>, <a class=\"bdpp-post-cat-link bdpp-post-cat-59 bdpp-post-cat-envios\" href=\"https:\/\/americancontainer.cl\/en\/tag\/envios\/\">Shipments<\/a>, <a class=\"bdpp-post-cat-link bdpp-post-cat-52 bdpp-post-cat-gestion-de-logistica\" href=\"https:\/\/americancontainer.cl\/en\/tag\/gestion-de-logistica\/\">logistics management<\/a>, <a class=\"bdpp-post-cat-link bdpp-post-cat-60 bdpp-post-cat-inauguracion-de-oficinas-acl\" href=\"https:\/\/americancontainer.cl\/en\/tag\/inauguracion-de-oficinas-acl\/\">ACL office opening<\/a>, <a class=\"bdpp-post-cat-link bdpp-post-cat-58 bdpp-post-cat-logistica\" href=\"https:\/\/americancontainer.cl\/en\/tag\/logistica\/\">Logistics<\/a>, <a class=\"bdpp-post-cat-link bdpp-post-cat-55 bdpp-post-cat-transporte-internacional\" href=\"https:\/\/americancontainer.cl\/en\/tag\/transporte-internacional\/\">International transport<\/a><\/span><\/div>\r\n\t\t\t<\/div>\r\n<\/div><div class=\"bdpp-post-grid bdpp-col-3 bdpp-columns bdpp-post-328 bdpp-post-standard bdpp-first bdpp-has-thumb\">\r\n\t<div class=\"bdpp-post-grid-content\">\r\n\t\t\t\t<div class=\"bdpp-post-img-bg\">\r\n\t\t\t<a href=\"https:\/\/americancontainer.cl\/en\/tendencias-en-logistica-verde-green-logistics-tendencies\/\">\r\n\t\t\t\t<img decoding=\"async\" src=\"https:\/\/americancontainer.cl\/wp-content\/uploads\/2023\/10\/Blog_ecologia.jpg\" class=\"bdpp-img bdpp-post-feat-img\" alt=\"Tendencias en Log\u00edstica Verde: Impulsando la sostenibilidad en el transporte\" \/>\r\n\t\t\t\t\t\t\t<\/a>\r\n\t\t<\/div>\r\n\t\t\r\n\t\t<h2 class=\"bdpp-post-title\">\r\n\t\t\t<a href=\"https:\/\/americancontainer.cl\/en\/tendencias-en-logistica-verde-green-logistics-tendencies\/\">Trends in Green Logistics: Promoting sustainability in transportation<\/a>\r\n\t\t<\/h2>\r\n\r\n\t\t\t\t<div class=\"bdpp-post-meta bdpp-post-meta-up\">\r\n\t\t\t<span class=\"bdpp-post-meta-data bdpp-post-date\"><i class=\"bdpp-fa fa-regular fa-clock\"><\/i>August 20, 2023<\/span>\t\t<\/div>\r\n\t\t\t\t<div class=\"bdpp-post-content\">\r\n\t\t\t<div class=\"bdpp-post-desc\">Explore how the logistics industry, globally and in Chile, are adopting more sustainable and ecological practices.<\/div>\r\n\t\t\t\t\t\t<a href=\"https:\/\/americancontainer.cl\/en\/tendencias-en-logistica-verde-green-logistics-tendencies\/\" class=\"bdpp-rdmr-btn\">Read More<\/a>\r\n\t\t\t\t\t<\/div>\r\n\t\t\t\t<div class=\"bdpp-post-meta bdpp-post-meta-down\"><span class=\"bdpp-post-meta-data bdpp-post-tags\"><i class=\"bdpp-fa fa-solid fa-tags\"><\/i><a class=\"bdpp-post-cat-link bdpp-post-cat-53 bdpp-post-cat-aduana\" href=\"https:\/\/americancontainer.cl\/en\/tag\/aduana\/\">customs<\/a>, <a class=\"bdpp-post-cat-link bdpp-post-cat-54 bdpp-post-cat-chile\" href=\"https:\/\/americancontainer.cl\/en\/tag\/chile\/\">chile<\/a>, <a class=\"bdpp-post-cat-link bdpp-post-cat-51 bdpp-post-cat-empresas\" href=\"https:\/\/americancontainer.cl\/en\/tag\/empresas\/\">companies<\/a>, <a class=\"bdpp-post-cat-link bdpp-post-cat-52 bdpp-post-cat-gestion-de-logistica\" href=\"https:\/\/americancontainer.cl\/en\/tag\/gestion-de-logistica\/\">logistics management<\/a>, <a class=\"bdpp-post-cat-link bdpp-post-cat-48 bdpp-post-cat-logistica-verde\" href=\"https:\/\/americancontainer.cl\/en\/tag\/logistica-verde\/\">Green logistics<\/a>, <a class=\"bdpp-post-cat-link bdpp-post-cat-49 bdpp-post-cat-transporte\" href=\"https:\/\/americancontainer.cl\/en\/tag\/transporte\/\">transport<\/a>, <a class=\"bdpp-post-cat-link bdpp-post-cat-55 bdpp-post-cat-transporte-internacional\" href=\"https:\/\/americancontainer.cl\/en\/tag\/transporte-internacional\/\">International transport<\/a>, <a class=\"bdpp-post-cat-link bdpp-post-cat-50 bdpp-post-cat-traslados\" href=\"https:\/\/americancontainer.cl\/en\/tag\/traslados\/\">transfers<\/a><\/span><\/div>\r\n\t\t\t<\/div>\r\n<\/div>\t<\/div>\r\n\t<\/div>\n\n\t\t<\/div>\n\t<\/div>\n<\/div><\/div><\/div><\/div><\/section>\n<\/section>","protected":false},"excerpt":{"rendered":"Explora c\u00f3mo la industria de la log\u00edstica, a nivel global y en Chile, est\u00e1n adoptando pr\u00e1cticas m\u00e1s sostenibles y ecol\u00f3gicas. Actualmente la conciencia ambiental se ha convertido en un pilar...","protected":false},"author":1,"featured_media":0,"parent":0,"menu_order":0,"comment_status":"closed","ping_status":"closed","template":"","meta":{"footnotes":""},"class_list":["post-659","page","type-page","status-publish","hentry"],"yoast_head":"<!-- This site is optimized with the Yoast SEO plugin v22.1 - https:\/\/yoast.com\/wordpress\/plugins\/seo\/ -->\n<title>Noticias - American Container Line Chile<\/title>\n<meta name=\"robots\" content=\"index, follow, max-snippet:-1, max-image-preview:large, max-video-preview:-1\" \/>\n<link rel=\"canonical\" href=\"https:\/\/americancontainer.cl\/en\/noticias-news\/\" \/>\n<meta property=\"og:locale\" content=\"en_US\" \/>\n<meta property=\"og:type\" content=\"article\" \/>\n<meta property=\"og:title\" content=\"Noticias - American Container Line Chile\" \/>\n<meta property=\"og:url\" content=\"https:\/\/americancontainer.cl\/en\/noticias-news\/\" \/>\n<meta property=\"og:site_name\" content=\"American Container Line Chile\" \/>\n<meta property=\"article:modified_time\" content=\"2024-01-16T23:40:45+00:00\" \/>\n<meta name=\"twitter:card\" content=\"summary_large_image\" \/>\n<meta name=\"twitter:label1\" content=\"Est. reading time\" \/>\n\t<meta name=\"twitter:data1\" content=\"1 minute\" \/>\n<script type=\"application\/ld+json\" class=\"yoast-schema-graph\">{\"@context\":\"https:\/\/schema.org\",\"@graph\":[{\"@type\":\"WebPage\",\"@id\":\"https:\/\/americancontainer.cl\/noticias-news\/\",\"url\":\"https:\/\/americancontainer.cl\/noticias-news\/\",\"name\":\"Noticias - American Container Line Chile\",\"isPartOf\":{\"@id\":\"https:\/\/americancontainer.cl\/es_cl\/#website\"},\"datePublished\":\"2023-11-22T17:46:37+00:00\",\"dateModified\":\"2024-01-16T23:40:45+00:00\",\"breadcrumb\":{\"@id\":\"https:\/\/americancontainer.cl\/noticias-news\/#breadcrumb\"},\"inLanguage\":\"en-US\",\"potentialAction\":[{\"@type\":\"ReadAction\",\"target\":[\"https:\/\/americancontainer.cl\/noticias-news\/\"]}]},{\"@type\":\"BreadcrumbList\",\"@id\":\"https:\/\/americancontainer.cl\/noticias-news\/#breadcrumb\",\"itemListElement\":[{\"@type\":\"ListItem\",\"position\":1,\"name\":\"Portada\",\"item\":\"https:\/\/americancontainer.cl\/\"},{\"@type\":\"ListItem\",\"position\":2,\"name\":\"Noticias\"}]},{\"@type\":\"WebSite\",\"@id\":\"https:\/\/americancontainer.cl\/es_cl\/#website\",\"url\":\"https:\/\/americancontainer.cl\/es_cl\/\",\"name\":\"American Container Line Chile\",\"description\":\"Empresa de transporte y log\u00edstica internacional\",\"potentialAction\":[{\"@type\":\"SearchAction\",\"target\":{\"@type\":\"EntryPoint\",\"urlTemplate\":\"https:\/\/americancontainer.cl\/es_cl\/?s={search_term_string}\"},\"query-input\":\"required name=search_term_string\"}],\"inLanguage\":\"en-US\"}]}<\/script>\n<!-- \/ Yoast SEO plugin. -->","yoast_head_json":{"title":"Noticias - American Container Line Chile","robots":{"index":"index","follow":"follow","max-snippet":"max-snippet:-1","max-image-preview":"max-image-preview:large","max-video-preview":"max-video-preview:-1"},"canonical":"https:\/\/americancontainer.cl\/en\/noticias-news\/","og_locale":"en_US","og_type":"article","og_title":"Noticias - American Container Line Chile","og_url":"https:\/\/americancontainer.cl\/en\/noticias-news\/","og_site_name":"American Container Line Chile","article_modified_time":"2024-01-16T23:40:45+00:00","twitter_card":"summary_large_image","twitter_misc":{"Est. reading time":"1 minute"},"schema":{"@context":"https:\/\/schema.org","@graph":[{"@type":"WebPage","@id":"https:\/\/americancontainer.cl\/noticias-news\/","url":"https:\/\/americancontainer.cl\/noticias-news\/","name":"Noticias - American Container Line Chile","isPartOf":{"@id":"https:\/\/americancontainer.cl\/es_cl\/#website"},"datePublished":"2023-11-22T17:46:37+00:00","dateModified":"2024-01-16T23:40:45+00:00","breadcrumb":{"@id":"https:\/\/americancontainer.cl\/noticias-news\/#breadcrumb"},"inLanguage":"en-US","potentialAction":[{"@type":"ReadAction","target":["https:\/\/americancontainer.cl\/noticias-news\/"]}]},{"@type":"BreadcrumbList","@id":"https:\/\/americancontainer.cl\/noticias-news\/#breadcrumb","itemListElement":[{"@type":"ListItem","position":1,"name":"Portada","item":"https:\/\/americancontainer.cl\/"},{"@type":"ListItem","position":2,"name":"Noticias"}]},{"@type":"WebSite","@id":"https:\/\/americancontainer.cl\/es_cl\/#website","url":"https:\/\/americancontainer.cl\/es_cl\/","name":"American Container Line Chile","description":"Empresa de transporte y log\u00edstica internacional","potentialAction":[{"@type":"SearchAction","target":{"@type":"EntryPoint","urlTemplate":"https:\/\/americancontainer.cl\/es_cl\/?s={search_term_string}"},"query-input":"required name=search_term_string"}],"inLanguage":"en-US"}]}},"_links":{"self":[{"href":"https:\/\/americancontainer.cl\/en\/wp-json\/wp\/v2\/pages\/659","targetHints":{"allow":["GET"]}}],"collection":[{"href":"https:\/\/americancontainer.cl\/en\/wp-json\/wp\/v2\/pages"}],"about":[{"href":"https:\/\/americancontainer.cl\/en\/wp-json\/wp\/v2\/types\/page"}],"author":[{"embeddable":true,"href":"https:\/\/americancontainer.cl\/en\/wp-json\/wp\/v2\/users\/1"}],"replies":[{"embeddable":true,"href":"https:\/\/americancontainer.cl\/en\/wp-json\/wp\/v2\/comments?post=659"}],"version-history":[{"count":9,"href":"https:\/\/americancontainer.cl\/en\/wp-json\/wp\/v2\/pages\/659\/revisions"}],"predecessor-version":[{"id":726,"href":"https:\/\/americancontainer.cl\/en\/wp-json\/wp\/v2\/pages\/659\/revisions\/726"}],"wp:attachment":[{"href":"https:\/\/americancontainer.cl\/en\/wp-json\/wp\/v2\/media?parent=659"}],"curies":[{"name":"wp","href":"https:\/\/api.w.org\/{rel}","templated":true}]}}