{"id":147,"date":"2015-08-28T12:24:54","date_gmt":"2015-08-28T12:24:54","guid":{"rendered":"http:\/\/zozothemes.com\/wp\/mist\/xml\/?page_id=31"},"modified":"2024-12-06T17:15:19","modified_gmt":"2024-12-06T17:15:19","slug":"contacto-contact","status":"publish","type":"page","link":"https:\/\/americancontainer.cl\/es_cl\/contacto-contact\/","title":{"rendered":"Contacto"},"content":{"rendered":"<section class=\"wpb-content-wrapper\"><section data-vc-full-width=\"true\" data-vc-full-width-init=\"false\" data-vc-stretch-content=\"true\" class=\"vc_row wpb_row vc_row-fluid vc_custom_1700664855799 vc-zozo-section typo-dark\"><div class=\"zozo-vc-main-row-inner vc-normal-section\"><div class=\"wpb_column vc_main_column vc_column_container vc_col-sm-12 typo-default\"><div class=\"vc_column-inner \"><div class=\"wpb_wrapper\"><div class=\"zozo-parallax-header\"><div class=\"parallax-header\"><h4 class=\"parallax-title text-center\">Cont\u00e1ctanos<\/h4><\/div><\/div><\/div><\/div><\/div><\/div><\/section>\t\r\n\r\n<div class=\"vc_row-full-width vc_clearfix\"><\/div>\r\n\t<section class=\"vc_row wpb_row vc_row-fluid vc_custom_1700721718946 vc-zozo-section typo-dark\"><div class=\"zozo-vc-main-row-inner vc-normal-section\"><div class=\"container\"><div class=\"row\"><div class=\"wpb_column vc_main_column vc_column_container vc_col-sm-12 typo-default\"><div class=\"vc_column-inner \"><div class=\"wpb_wrapper\"><div class=\"vc_row wpb_row vc_inner vc_row-fluid\"><div class=\"zozo-vc-row-inner vc-inner-row-section clearfix\"><div class=\"wpb_column vc_column_inner vc_column_container vc_col-sm-4 typo-default wpb_animate_when_almost_visible wpb_bottom-to-top bottom-to-top\"><div class=\"vc_column-inner \"><div class=\"wpb_wrapper\"><div class=\"zozo-feature-box feature-box-style style-default-box style-sep-yes \" id=\"feature-box-1\"><div class=\"grid-item\"><div class=\"grid-box-inner grid-text-center grid-box-medium grid-box-icon-circle grid-icon-shape grid-shape-none\"><div class=\"grid-icon-wrapper icon-hv-color shape-icon-circle\"><i class=\"icomoon1 icomoon-location2 grid-icon zozo-icon icon-shape icon-circle icon-skin-default icon-dark pattern-1 icon-medium\"><\/i><\/div><a href=\"https:\/\/www.google.com\/maps\/place\/Av.+Apoquindo+3000,+Piso+18,+Oficina+801,+7550202+Las+Condes,+Regi%C3%B3n+Metropolitana,+Chile\/@-33.4170085,-70.6013815,17z\/data=!3m1!4b1!4m5!3m4!1s0x9662cf6ab86c1837:0xcdb92d6f92340496!8m2!3d-33.417013!4d-70.5988066?hl=es&#038;entry=ttu\" title=\"Abrir Google Maps\" target=\"_blank\"><h6 class=\"grid-title-below grid-title \" >Direcci\u00f3n<\/h6><\/a><div class=\"grid-desc\" ><p style=\"font-weight: 400;\">Avda. Apoquindo 3000, Piso 18, Oficina 801.<br \/>\nLas Condes, Santiago de Chile.<\/p>\n<\/div><\/div><\/div><\/div><\/div><\/div><\/div><div class=\"wpb_column vc_column_inner vc_column_container vc_col-sm-4 typo-default wpb_animate_when_almost_visible wpb_appear appear\"><div class=\"vc_column-inner \"><div class=\"wpb_wrapper\"><div class=\"zozo-feature-box feature-box-style style-default-box style-sep-yes \" id=\"feature-box-2\"><div class=\"grid-item\"><div class=\"grid-box-inner grid-text-center grid-box-medium grid-box-icon-circle grid-icon-shape grid-shape-none\"><div class=\"grid-icon-wrapper icon-hv-color shape-icon-circle\"><i class=\"icomoon1 icomoon-mic grid-icon zozo-icon icon-shape icon-circle icon-skin-default icon-dark pattern-1 icon-medium\"><\/i><\/div><h6 class=\"grid-title-below grid-title \" >Tel\u00e9fonos<\/h6><div class=\"grid-desc\" ><p>+56 2 2963 6100<\/p>\n<\/div><\/div><\/div><\/div><\/div><\/div><\/div><div class=\"wpb_column vc_column_inner vc_column_container vc_col-sm-4 typo-default wpb_animate_when_almost_visible wpb_bottom-to-top bottom-to-top\"><div class=\"vc_column-inner \"><div class=\"wpb_wrapper\"><div class=\"zozo-feature-box feature-box-style style-default-box style-sep-yes \" id=\"feature-box-3\"><div class=\"grid-item\"><div class=\"grid-box-inner grid-text-center grid-box-medium grid-box-icon-circle grid-icon-shape grid-shape-none\"><div class=\"grid-icon-wrapper icon-hv-color shape-icon-circle\"><i class=\"icomoon1 icomoon-mail5 grid-icon zozo-icon icon-shape icon-circle icon-skin-default icon-dark pattern-1 icon-medium\"><\/i><\/div><h6 class=\"grid-title-below grid-title \" >Correo electr\u00f3nico<\/h6><div class=\"grid-desc\" ><p>info@americancontainer.cl<\/p>\n<\/div><\/div><\/div><\/div><\/div><\/div><\/div><\/div><\/div>\n\t<div class=\"wpb_text_column wpb_content_element  wpb_animate_when_almost_visible wpb_bottom-to-top bottom-to-top vc_custom_1700651164725\" >\n\t\t<div class=\"wpb_wrapper\">\n\t\t\t\n\t\t<\/div>\n\t<\/div>\n<\/div><\/div><\/div><\/div><\/div><\/div><\/section>\t\r\n\r\n\r\n\t<section class=\"vc_row wpb_row vc_row-fluid vc_custom_1700781569403 vc_row-has-fill vc-zozo-section typo-dark\"><div class=\"zozo-vc-main-row-inner vc-normal-section\"><div class=\"wpb_column vc_main_column vc_column_container vc_col-sm-12 typo-default\"><div class=\"vc_column-inner vc_custom_1700723476486\"><div class=\"wpb_wrapper\"><div class=\"zozo-parallax-header\"><div class=\"parallax-header\"><h4 class=\"parallax-title text-center\">Formulario de contacto<\/h4><\/div><\/div>\n\t<div class=\"wpb_text_column wpb_content_element  vc_custom_1701279116761\" >\n\t\t<div class=\"wpb_wrapper\">\n\t\t\t<p style=\"text-align: center;\">Te invitamos a completar el siguiente formulario para poder realizar un c\u00e1lculo estimado de tu env\u00edo o log\u00edstica. Dentro de las opciones de comentarios puedes describir lo que necesitas con mayor detalle. <span style=\"font-weight: 400;\">Desde ACL estaremos contact\u00e1ndote lo antes posible para entregarte una propuesta que se ajuste a las necesidades de tu proyecto o empresa.\u00a0<\/span><\/p>\n<p style=\"text-align: center;\">\u00a1Gracias!<\/p>\n\n\t\t<\/div>\n\t<\/div>\n<div class=\"vc_row wpb_row vc_inner vc_row-fluid vc_custom_1700661977155\"><div class=\"zozo-vc-row-inner vc-inner-row-section clearfix\"><div class=\"wpb_column vc_column_inner vc_column_container vc_col-sm-12 typo-default\"><div class=\"vc_column-inner \"><div class=\"wpb_wrapper\"><div class=\"zozo-parallax-header\"><div class=\"parallax-header\"><div class=\"parallax-desc default-style text-center\"><p>Los campos marcados con (*) son obligatorios.<\/p>\n<\/div><\/div><\/div><div class=\"vc_separator wpb_content_element vc_separator_align_center vc_sep_width_80 vc_sep_border_width_2 vc_sep_pos_align_center vc_separator_no_text\" ><span class=\"vc_sep_holder vc_sep_holder_l\"><span style=\"border-color:#aaaaaa;\" class=\"vc_sep_line\"><\/span><\/span><span class=\"vc_sep_holder vc_sep_holder_r\"><span style=\"border-color:#aaaaaa;\" class=\"vc_sep_line\"><\/span><\/span>\n<\/div>\n\t<div class=\"wpb_text_column wpb_content_element \" >\n\t\t<div class=\"wpb_wrapper\">\n\t\t\t\n<div class=\"wpcf7 no-js\" id=\"wpcf7-f664-o1\" lang=\"es-ES\" dir=\"ltr\" data-wpcf7-id=\"664\">\n<div class=\"screen-reader-response\"><p role=\"status\" aria-live=\"polite\" aria-atomic=\"true\"><\/p> <ul><\/ul><\/div>\n<form action=\"\/es_cl\/wp-json\/wp\/v2\/pages\/147#wpcf7-f664-o1\" method=\"post\" class=\"wpcf7-form init\" aria-label=\"Formulario de contacto\" novalidate=\"novalidate\" data-status=\"init\">\n<fieldset class=\"hidden-fields-container\"><input type=\"hidden\" name=\"_wpcf7\" value=\"664\" \/><input type=\"hidden\" name=\"_wpcf7_version\" value=\"6.1.5\" \/><input type=\"hidden\" name=\"_wpcf7_locale\" value=\"es_ES\" \/><input type=\"hidden\" name=\"_wpcf7_unit_tag\" value=\"wpcf7-f664-o1\" \/><input type=\"hidden\" name=\"_wpcf7_container_post\" value=\"0\" \/><input type=\"hidden\" name=\"_wpcf7_posted_data_hash\" value=\"\" \/><input type=\"hidden\" name=\"_wpcf7_recaptcha_response\" value=\"\" \/>\n<\/fieldset>\n<div id=\"responsive-form\" class=\"clearfix\">\n\t<div class=\"form-row\">\n\t\t<div class=\"column-half\">\n\t\t\t<p>Nombre* <span class=\"wpcf7-form-control-wrap\" data-name=\"first-name\"><input size=\"40\" maxlength=\"400\" class=\"wpcf7-form-control wpcf7-text wpcf7-validates-as-required\" aria-required=\"true\" aria-invalid=\"false\" value=\"\" type=\"text\" name=\"first-name\" \/><\/span>\n\t\t\t<\/p>\n\t\t<\/div>\n\t\t<div class=\"column-half\">\n\t\t\t<p>Apellido* <span class=\"wpcf7-form-control-wrap\" data-name=\"last-name\"><input size=\"40\" maxlength=\"400\" class=\"wpcf7-form-control wpcf7-text wpcf7-validates-as-required\" aria-required=\"true\" aria-invalid=\"false\" value=\"\" type=\"text\" name=\"last-name\" \/><\/span>\n\t\t\t<\/p>\n\t\t<\/div>\n\t<\/div>\n\t<div class=\"form-row\">\n\t\t<div class=\"column-half\">\n\t\t\t<p>Email* <span class=\"wpcf7-form-control-wrap\" data-name=\"your-email\"><input size=\"40\" maxlength=\"400\" class=\"wpcf7-form-control wpcf7-email wpcf7-validates-as-required wpcf7-text wpcf7-validates-as-email\" aria-required=\"true\" aria-invalid=\"false\" value=\"\" type=\"email\" name=\"your-email\" \/><\/span>\n\t\t\t<\/p>\n\t\t<\/div>\n\t\t<div class=\"column-half\">\n\t\t\t<p>Tel\u00e9fono* <span class=\"wpcf7-form-control-wrap\" data-name=\"your-phone\"><input size=\"40\" maxlength=\"400\" class=\"wpcf7-form-control wpcf7-text wpcf7-validates-as-required\" aria-required=\"true\" aria-invalid=\"false\" value=\"\" type=\"text\" name=\"your-phone\" \/><\/span>\n\t\t\t<\/p>\n\t\t<\/div>\n\t<\/div>\n\t<div class=\"form-row\">\n\t\t<div class=\"column-half\">\n\t\t\t<p>Empresa* <span class=\"wpcf7-form-control-wrap\" data-name=\"your-company\"><input size=\"40\" maxlength=\"400\" class=\"wpcf7-form-control wpcf7-text wpcf7-validates-as-required\" aria-required=\"true\" aria-invalid=\"false\" value=\"\" type=\"text\" name=\"your-company\" \/><\/span>\n\t\t\t<\/p>\n\t\t<\/div>\n\t\t<div class=\"column-half\">\n\t\t\t<p>Rubro <span class=\"wpcf7-form-control-wrap\" data-name=\"your-business\"><input size=\"40\" maxlength=\"400\" class=\"wpcf7-form-control wpcf7-text\" aria-invalid=\"false\" value=\"\" type=\"text\" name=\"your-business\" \/><\/span>\n\t\t\t<\/p>\n\t\t<\/div>\n\t<\/div>\n\t<div class=\"form-row\">\n\t\t<div class=\"column-half\">\n\t\t\t<p>Tipo de env\u00edo (a\u00e9reo, mar\u00edtimo, terrestre, multimodal, etc.): <span class=\"wpcf7-form-control-wrap\" data-name=\"your-shipment\"><input size=\"40\" maxlength=\"400\" class=\"wpcf7-form-control wpcf7-text\" aria-invalid=\"false\" value=\"\" type=\"text\" name=\"your-shipment\" \/><\/span>\n\t\t\t<\/p>\n\t\t<\/div>\n\t\t<div class=\"column-half\">\n\t\t\t<p>Fecha tentativa de env\u00edo: <span class=\"wpcf7-form-control-wrap\" data-name=\"your-dates\"><input size=\"40\" maxlength=\"400\" class=\"wpcf7-form-control wpcf7-text\" aria-invalid=\"false\" value=\"\" type=\"text\" name=\"your-dates\" \/><\/span>\n\t\t\t<\/p>\n\t\t<\/div>\n\t<\/div>\n\t<div class=\"form-row\">\n\t\t<div class=\"column-half\">\n\t\t\t<p>Desde: <span class=\"wpcf7-form-control-wrap\" data-name=\"your-from\"><input size=\"40\" maxlength=\"400\" class=\"wpcf7-form-control wpcf7-text\" aria-invalid=\"false\" value=\"\" type=\"text\" name=\"your-from\" \/><\/span>\n\t\t\t<\/p>\n\t\t<\/div>\n\t\t<div class=\"column-half\">\n\t\t\t<p>Hacia: <span class=\"wpcf7-form-control-wrap\" data-name=\"your-to\"><input size=\"40\" maxlength=\"400\" class=\"wpcf7-form-control wpcf7-text\" aria-invalid=\"false\" value=\"\" type=\"text\" name=\"your-to\" \/><\/span>\n\t\t\t<\/p>\n\t\t<\/div>\n\t<\/div>\n\t<div class=\"form-row\">\n\t\t<div class=\"column-full\">\n\t\t\t<p>Comentarios adicionales <span class=\"wpcf7-form-control-wrap\" data-name=\"your-message\"><textarea cols=\"40\" rows=\"10\" maxlength=\"2000\" class=\"wpcf7-form-control wpcf7-textarea\" aria-invalid=\"false\" name=\"your-message\"><\/textarea><\/span>\n\t\t\t<\/p>\n\t\t<\/div>\n\t<\/div>\n\t<div class=\"form-row\">\n\t\t<div class=\"column-full\">\n\t\t\t<p><input class=\"wpcf7-form-control wpcf7-submit has-spinner\" type=\"submit\" value=\"Enviar\" \/>\n\t\t\t<\/p>\n\t\t<\/div>\n\t<\/div>\n<\/div><!--end responsive-form--><div class=\"wpcf7-response-output\" aria-hidden=\"true\"><\/div>\n<\/form>\n<\/div>\n\n\n\t\t<\/div>\n\t<\/div>\n<\/div><\/div><\/div><\/div><\/div><\/div><\/div><\/div><\/div><\/section>\t\r\n\r\n\r\n\t<section data-vc-full-width=\"true\" data-vc-full-width-init=\"false\" data-vc-stretch-content=\"true\" class=\"vc_row wpb_row vc_row-fluid vc_custom_1701098423385 vc_row-no-padding vc-zozo-section typo-light bg-style dark-wrapper bg-skin-dark\"><div class=\"zozo-vc-main-row-inner vc-normal-section\"><div class=\"wpb_column vc_main_column vc_column_container vc_col-sm-12\"><div class=\"vc_column-inner \"><div class=\"wpb_wrapper\"><div class=\"vc_row wpb_row vc_inner vc_row-fluid\"><div class=\"zozo-vc-row-inner vc-inner-row-section clearfix\"><div class=\"wpb_column vc_column_inner vc_column_container vc_col-sm-12 vc_col-has-fill typo-default wpb_animate_when_almost_visible wpb_fadeIn fadeIn\"><div class=\"vc_column-inner vc_custom_1700660740947\"><div class=\"wpb_wrapper\"><h3 style=\"line-height: 50px;text-align: center\" class=\"vc_custom_heading wpb_animate_when_almost_visible wpb_fadeIn fadeIn vc_custom_1701098373601\" >Agradecemos tu inter\u00e9s, te responderemos en el menor tiempo posible.<br \/>\nPorque en American Container Line la prioridad son nuestros clientes.<\/h3><\/div><\/div><\/div><\/div><\/div><\/div><\/div><\/div><\/div><\/section>\t\r\n\r\n<div class=\"vc_row-full-width vc_clearfix\"><\/div>\r\n\t<section class=\"vc_row wpb_row vc_row-fluid vc_custom_1700744974546 vc-zozo-section typo-dark\"><div class=\"zozo-vc-main-row-inner vc-normal-section\"><div class=\"wpb_column vc_main_column vc_column_container vc_col-sm-12 typo-default\"><div class=\"vc_column-inner \"><div class=\"wpb_wrapper\">\n\t<div class=\"wpb_raw_code wpb_content_element wpb_raw_html\" >\n\t\t<div class=\"wpb_wrapper\">\n\t\t\t<iframe src=\"https:\/\/www.google.com\/maps\/embed?pb=!1m18!1m12!1m3!1d3330.2389936766654!2d-70.5988066!3d-33.417013000000004!2m3!1f0!2f0!3f0!3m2!1i1024!2i768!4f13.1!3m3!1m2!1s0x9662cf6ab86c1837%3A0xcdb92d6f92340496!2sAv.%20Apoquindo%203000%2C%20Piso%2018%2C%20Oficina%20801%2C%207550202%20Las%20Condes%2C%20Regi%C3%B3n%20Metropolitana%2C%20Chile!5e0!3m2!1ses!2sve!4v1700744368464!5m2!1ses!2sve\" width=\"1920\" height=\"350\" style=\"border:0;\" allowfullscreen=\"\" loading=\"lazy\" referrerpolicy=\"no-referrer-when-downgrade\"><\/iframe>\n\t\t<\/div>\n\t<\/div>\n<\/div><\/div><\/div><\/div><\/section>\n<\/section>","protected":false},"excerpt":{"rendered":"Cont\u00e1ctanos Direcci\u00f3nAvda. Apoquindo 3000, Piso 18, Oficina 801. Las Condes, Santiago de Chile. Tel\u00e9fonos+56 2 2963 6100 Correo electr\u00f3nicoinfo@americancontainer.cl Formulario de contacto Te invitamos a completar el siguiente formulario para...","protected":false},"author":1,"featured_media":0,"parent":0,"menu_order":0,"comment_status":"closed","ping_status":"closed","template":"template-fullwidth.php","meta":{"footnotes":""},"class_list":["post-147","page","type-page","status-publish","hentry"],"yoast_head":"<!-- This site is optimized with the Yoast SEO plugin v22.1 - https:\/\/yoast.com\/wordpress\/plugins\/seo\/ -->\n<title>Contacto - American Container Line Chile<\/title>\n<meta name=\"robots\" content=\"index, follow, max-snippet:-1, max-image-preview:large, max-video-preview:-1\" \/>\n<link rel=\"canonical\" href=\"https:\/\/americancontainer.cl\/es_cl\/contacto-contact\/\" \/>\n<meta property=\"og:locale\" content=\"es_ES\" \/>\n<meta property=\"og:type\" content=\"article\" \/>\n<meta property=\"og:title\" content=\"Contacto - American Container Line Chile\" \/>\n<meta property=\"og:url\" content=\"https:\/\/americancontainer.cl\/es_cl\/contacto-contact\/\" \/>\n<meta property=\"og:site_name\" content=\"American Container Line Chile\" \/>\n<meta property=\"article:modified_time\" content=\"2024-12-06T17:15:19+00:00\" \/>\n<meta name=\"twitter:card\" content=\"summary_large_image\" \/>\n<meta name=\"twitter:label1\" content=\"Est. reading time\" \/>\n\t<meta name=\"twitter:data1\" content=\"2 minutos\" \/>\n<script type=\"application\/ld+json\" class=\"yoast-schema-graph\">{\"@context\":\"https:\/\/schema.org\",\"@graph\":[{\"@type\":\"WebPage\",\"@id\":\"https:\/\/americancontainer.cl\/contacto-contact\/\",\"url\":\"https:\/\/americancontainer.cl\/contacto-contact\/\",\"name\":\"Contacto - American Container Line Chile\",\"isPartOf\":{\"@id\":\"https:\/\/americancontainer.cl\/es_cl\/#website\"},\"datePublished\":\"2015-08-28T12:24:54+00:00\",\"dateModified\":\"2024-12-06T17:15:19+00:00\",\"breadcrumb\":{\"@id\":\"https:\/\/americancontainer.cl\/contacto-contact\/#breadcrumb\"},\"inLanguage\":\"es-CL\",\"potentialAction\":[{\"@type\":\"ReadAction\",\"target\":[\"https:\/\/americancontainer.cl\/contacto-contact\/\"]}]},{\"@type\":\"BreadcrumbList\",\"@id\":\"https:\/\/americancontainer.cl\/contacto-contact\/#breadcrumb\",\"itemListElement\":[{\"@type\":\"ListItem\",\"position\":1,\"name\":\"Portada\",\"item\":\"https:\/\/americancontainer.cl\/\"},{\"@type\":\"ListItem\",\"position\":2,\"name\":\"Contacto\"}]},{\"@type\":\"WebSite\",\"@id\":\"https:\/\/americancontainer.cl\/es_cl\/#website\",\"url\":\"https:\/\/americancontainer.cl\/es_cl\/\",\"name\":\"American Container Line Chile\",\"description\":\"Empresa de transporte y log\u00edstica internacional\",\"potentialAction\":[{\"@type\":\"SearchAction\",\"target\":{\"@type\":\"EntryPoint\",\"urlTemplate\":\"https:\/\/americancontainer.cl\/es_cl\/?s={search_term_string}\"},\"query-input\":\"required name=search_term_string\"}],\"inLanguage\":\"es-CL\"}]}<\/script>\n<!-- \/ Yoast SEO plugin. -->","yoast_head_json":{"title":"Contacto - American Container Line Chile","robots":{"index":"index","follow":"follow","max-snippet":"max-snippet:-1","max-image-preview":"max-image-preview:large","max-video-preview":"max-video-preview:-1"},"canonical":"https:\/\/americancontainer.cl\/es_cl\/contacto-contact\/","og_locale":"es_ES","og_type":"article","og_title":"Contacto - American Container Line Chile","og_url":"https:\/\/americancontainer.cl\/es_cl\/contacto-contact\/","og_site_name":"American Container Line Chile","article_modified_time":"2024-12-06T17:15:19+00:00","twitter_card":"summary_large_image","twitter_misc":{"Est. reading time":"2 minutos"},"schema":{"@context":"https:\/\/schema.org","@graph":[{"@type":"WebPage","@id":"https:\/\/americancontainer.cl\/contacto-contact\/","url":"https:\/\/americancontainer.cl\/contacto-contact\/","name":"Contacto - American Container Line Chile","isPartOf":{"@id":"https:\/\/americancontainer.cl\/es_cl\/#website"},"datePublished":"2015-08-28T12:24:54+00:00","dateModified":"2024-12-06T17:15:19+00:00","breadcrumb":{"@id":"https:\/\/americancontainer.cl\/contacto-contact\/#breadcrumb"},"inLanguage":"es-CL","potentialAction":[{"@type":"ReadAction","target":["https:\/\/americancontainer.cl\/contacto-contact\/"]}]},{"@type":"BreadcrumbList","@id":"https:\/\/americancontainer.cl\/contacto-contact\/#breadcrumb","itemListElement":[{"@type":"ListItem","position":1,"name":"Portada","item":"https:\/\/americancontainer.cl\/"},{"@type":"ListItem","position":2,"name":"Contacto"}]},{"@type":"WebSite","@id":"https:\/\/americancontainer.cl\/es_cl\/#website","url":"https:\/\/americancontainer.cl\/es_cl\/","name":"American Container Line Chile","description":"Empresa de transporte y log\u00edstica internacional","potentialAction":[{"@type":"SearchAction","target":{"@type":"EntryPoint","urlTemplate":"https:\/\/americancontainer.cl\/es_cl\/?s={search_term_string}"},"query-input":"required name=search_term_string"}],"inLanguage":"es-CL"}]}},"_links":{"self":[{"href":"https:\/\/americancontainer.cl\/es_cl\/wp-json\/wp\/v2\/pages\/147","targetHints":{"allow":["GET"]}}],"collection":[{"href":"https:\/\/americancontainer.cl\/es_cl\/wp-json\/wp\/v2\/pages"}],"about":[{"href":"https:\/\/americancontainer.cl\/es_cl\/wp-json\/wp\/v2\/types\/page"}],"author":[{"embeddable":true,"href":"https:\/\/americancontainer.cl\/es_cl\/wp-json\/wp\/v2\/users\/1"}],"replies":[{"embeddable":true,"href":"https:\/\/americancontainer.cl\/es_cl\/wp-json\/wp\/v2\/comments?post=147"}],"version-history":[{"count":42,"href":"https:\/\/americancontainer.cl\/es_cl\/wp-json\/wp\/v2\/pages\/147\/revisions"}],"predecessor-version":[{"id":1155,"href":"https:\/\/americancontainer.cl\/es_cl\/wp-json\/wp\/v2\/pages\/147\/revisions\/1155"}],"wp:attachment":[{"href":"https:\/\/americancontainer.cl\/es_cl\/wp-json\/wp\/v2\/media?parent=147"}],"curies":[{"name":"wp","href":"https:\/\/api.w.org\/{rel}","templated":true}]}}