{"id":18,"date":"2015-08-28T11:54:34","date_gmt":"2015-08-28T11:54:34","guid":{"rendered":"http:\/\/zozothemes.com\/wp\/mist\/xml\/?page_id=18"},"modified":"2025-03-12T20:40:43","modified_gmt":"2025-03-12T20:40:43","slug":"la-empresa-company","status":"publish","type":"page","link":"https:\/\/americancontainer.cl\/es_cl\/la-empresa-company\/","title":{"rendered":"La Empresa"},"content":{"rendered":"<section class=\"wpb-content-wrapper\"><section class=\"vc_row wpb_row vc_row-fluid vc_custom_1700750116526 vc-zozo-section typo-dark\"><div class=\"zozo-vc-main-row-inner vc-normal-section\"><div class=\"container\"><div class=\"row\"><div class=\"wpb_column vc_main_column vc_column_container vc_col-sm-12 typo-default\"><div class=\"vc_column-inner \"><div class=\"wpb_wrapper\"><div id=\"ultimate-heading-792869e5b20a7b55b\" class=\"uvc-heading ult-adjust-bottom-margin ultimate-heading-792869e5b20a7b55b uvc-6405 \" data-hspacer=\"line_with_icon\" data-hline_width=\"150\" data-hicon_type=\"selector\" data-hborder_style=\"solid\" data-hborder_height=\"1\" data-hborder_color=\"#e1e1e1\" data-icon_width=\"14\" data-hfixer=\"10\"  data-halign=\"center\" style=\"text-align:center\"><div class=\"uvc-main-heading ult-responsive\"  data-ultimate-target='.uvc-heading.ultimate-heading-792869e5b20a7b55b h3'  data-responsive-json-new='{\"font-size\":\"\",\"line-height\":\"\"}' ><h3 style=\"font-weight:normal;\">\u00bfQui\u00e9nes somos?<\/h3><\/div><div class=\"uvc-heading-spacer line_with_icon\" style=\"margin-top:15px;margin-bottom:20px;height:14px;\"><div class=\"ult-just-icon-wrapper  \"><div class=\"align-icon\" style=\"text-align:center;\">\n<div class=\"aio-icon none \"  style=\"font-size:14px;display:inline-block;\">\n\t<i class=\"icomoonpack1-cloudy2\"><\/i>\n<\/div><\/div><\/div><\/div><div class=\"uvc-sub-heading ult-responsive\"  data-ultimate-target='.uvc-heading.ultimate-heading-792869e5b20a7b55b .uvc-sub-heading '  data-responsive-json-new='{\"font-size\":\"desktop:20px;\",\"line-height\":\"\"}'  style=\"font-style:italic;font-weight:normal;margin-bottom:30px;\"><span style=\"font-weight: 400;\">Somos una empresa chilena, de transporte y log\u00edstica internacional con tecnolog\u00eda que permite contar con una trazabilidad absoluta de puerta a puerta. <\/span><\/p>\n<p>En <b><i>American Container Line<\/i><\/b><span style=\"font-weight: 400;\">, nos enorgullecemos de nuestra larga historia en el sector de transporte y log\u00edstica. Desde nuestros inicios en 1992, con m\u00e1s de 31 a\u00f1os de experiencia, hemos consolidado nuestra posici\u00f3n en el mercado <\/span><span style=\"font-weight: 400;\">y hemos sido testigos del crecimiento constante de muchos de nuestros clientes.<\/span><\/div><\/div><\/div><\/div><\/div><\/div><\/div><\/div><\/section>\t\r\n\r\n\r\n\t<section class=\"vc_row wpb_row vc_row-fluid vc_custom_1700750850117 vc-zozo-section typo-dark\"><div class=\"zozo-vc-main-row-inner vc-normal-section\"><div class=\"wpb_animate_when_almost_visible wpb_left-to-right left-to-right wpb_column vc_main_column vc_column_container vc_col-sm-6 vc_col-lg-3 vc_col-md-3 vc_col-has-fill typo-default wpb_animate_when_almost_visible wpb_left-to-right left-to-right\"><div class=\"vc_column-inner vc_custom_1440653562914\"><div class=\"wpb_wrapper\"><div class=\"zozo-feature-box feature-box-style style-default-box style-sep-yes  wpb_animate_when_almost_visible wpb_appear\" id=\"feature-box-1\"><div class=\"grid-item\"><div class=\"grid-box-inner grid-text-center grid-box-large grid-box-icon-none grid-shape-none\"><div class=\"grid-icon-wrapper icon-hv-color shape-icon-none\"><i class=\"simple-icon icon-user-follow grid-icon zozo-icon icon-none icon-skin-default icon-bg pattern-1 icon-large\"><\/i><\/div><h5 class=\"grid-title-below grid-title \" >Nuestra misi\u00f3n<\/h5><div class=\"grid-desc\" ><p><span style=\"font-weight: 400;\">Siempre ha sido y ser\u00e1: Lograr hacer lo que otros no pueden hacer, y llegar a donde otros no han podido llegar.<\/span><\/p>\n<\/div><\/div><\/div><\/div><\/div><\/div><\/div><div class=\"wpb_animate_when_almost_visible wpb_appear appear wpb_column vc_main_column vc_column_container vc_col-sm-6 vc_col-lg-3 vc_col-md-3 vc_col-has-fill typo-default wpb_animate_when_almost_visible wpb_appear appear\"><div class=\"vc_column-inner vc_custom_1440653581807\"><div class=\"wpb_wrapper\"><div class=\"zozo-feature-box feature-box-style style-default-box style-sep-yes  wpb_animate_when_almost_visible wpb_appear\" id=\"feature-box-2\"><div class=\"grid-item\"><div class=\"grid-box-inner grid-text-center grid-box-large grid-box-icon-none grid-shape-none\"><div class=\"grid-icon-wrapper icon-hv-color shape-icon-none\"><i class=\"simple-icon icon-users grid-icon zozo-icon icon-none icon-skin-default icon-bg pattern-1 icon-large\"><\/i><\/div><h5 class=\"grid-title-below grid-title \" >Nuestra Visi\u00f3n<\/h5><div class=\"grid-desc\" ><p><span style=\"font-weight: 400;\">Contar con el talento, las herramientas y la innovaci\u00f3n para lograr realizar cualquier env\u00edo con seguridad y responsabilidad.<\/span><\/p>\n<\/div><\/div><\/div><\/div><\/div><\/div><\/div><div class=\"wpb_animate_when_almost_visible wpb_right-to-left right-to-left wpb_column vc_main_column vc_column_container vc_col-sm-6 vc_col-lg-3 vc_col-md-3 vc_col-has-fill typo-default wpb_animate_when_almost_visible wpb_right-to-left right-to-left\"><div class=\"vc_column-inner vc_custom_1440653600201\"><div class=\"wpb_wrapper\"><div class=\"zozo-feature-box feature-box-style style-default-box style-sep-yes  wpb_animate_when_almost_visible wpb_appear\" id=\"feature-box-3\"><div class=\"grid-item\"><div class=\"grid-box-inner grid-text-center grid-box-large grid-box-icon-none grid-shape-none\"><div class=\"grid-icon-wrapper icon-hv-color shape-icon-none\"><i class=\"simple-icon icon-heart grid-icon zozo-icon icon-none icon-skin-default icon-bg pattern-1 icon-large\"><\/i><\/div><h5 class=\"grid-title-below grid-title \" >Nuestros valores<\/h5><div class=\"grid-desc\" ><p><span style=\"font-weight: 400;\">Somos un equipo s\u00f3lido y responsable, que enfrenta con entusiasmo cada proyecto y brinda soluciones ante los problemas.<\/span><\/p>\n<\/div><\/div><\/div><\/div><\/div><\/div><\/div><div class=\"wpb_animate_when_almost_visible wpb_appear appear wpb_column vc_main_column vc_column_container vc_col-sm-6 vc_col-lg-3 vc_col-md-3 vc_col-has-fill typo-default wpb_animate_when_almost_visible wpb_appear appear\"><div class=\"vc_column-inner vc_custom_1440653618463\"><div class=\"wpb_wrapper\"><div class=\"zozo-feature-box feature-box-style style-default-box style-sep-yes  wpb_animate_when_almost_visible wpb_appear\" id=\"feature-box-4\"><div class=\"grid-item\"><div class=\"grid-box-inner grid-text-center grid-box-large grid-box-icon-none grid-shape-none\"><div class=\"grid-icon-wrapper icon-hv-color shape-icon-none\"><i class=\"flaticon flaticon-33 grid-icon zozo-icon icon-none icon-skin-default icon-bg pattern-1 icon-large\"><\/i><\/div><h5 class=\"grid-title-below grid-title \" >Lo que nos diferencia<\/h5><div class=\"grid-desc\" ><p><span style=\"font-weight: 400;\">Somos un equipo comprometido con cada cliente. Y contamos con agentes en lugares impensados, lo que nos da una cobertura mundial.<\/span><\/p>\n<\/div><\/div><\/div><\/div><\/div><\/div><\/div><\/div><\/section>\t\r\n\r\n<!-- Row Backgrounds --><div class=\"upb_color\" data-bg-override=\"0\" data-bg-color=\"\" data-fadeout=\"\" data-fadeout-percentage=\"30\" data-parallax-content=\"\" data-parallax-content-sense=\"30\" data-row-effect-mobile-disable=\"true\" data-img-parallax-mobile-disable=\"true\" data-rtl=\"false\"  data-custom-vc-row=\"\"  data-vc=\"7.0\"  data-is_old_vc=\"\"  data-theme-support=\"\"   data-overlay=\"false\" data-overlay-color=\"\" data-overlay-pattern=\"\" data-overlay-pattern-opacity=\"\" data-overlay-pattern-size=\"\"    ><\/div>\r\n\t<section class=\"vc_row wpb_row vc_row-fluid vc-zozo-section typo-dark\"><div class=\"zozo-vc-main-row-inner vc-normal-section\"><div class=\"container\"><div class=\"row\"><div class=\"wpb_column vc_main_column vc_column_container vc_col-sm-6 typo-default\"><div class=\"vc_column-inner \"><div class=\"wpb_wrapper\">\n\t<div  class=\"wpb_single_image wpb_content_element vc_align_center  vc_custom_1733949668009\">\n\t\t\n\t\t<figure class=\"wpb_wrapper vc_figure\">\n\t\t\t<div class=\"vc_single_image-wrapper   vc_box_border_grey\"><img loading=\"lazy\" decoding=\"async\" class=\"vc_single_image-img \" src=\"https:\/\/americancontainer.cl\/wp-content\/uploads\/2024\/12\/quienes_somos2.jpg\" width=\"900\" height=\"600\" alt=\"quienes_somos2\" title=\"quienes_somos2\" \/><\/div>\n\t\t<\/figure>\n\t<\/div>\n<\/div><\/div><\/div><div class=\"wpb_column vc_main_column vc_column_container vc_col-sm-6 typo-default\"><div class=\"vc_column-inner \"><div class=\"wpb_wrapper\"><div id=\"ultimate-heading-17969e5b20a7cb1a\" class=\"uvc-heading ult-adjust-bottom-margin ultimate-heading-17969e5b20a7cb1a uvc-817 \" data-hspacer=\"line_with_icon\" data-hline_width=\"150\" data-hicon_type=\"selector\" data-hborder_style=\"solid\" data-hborder_height=\"1\" data-hborder_color=\"#cccccc\" data-icon_width=\"8\" data-hfixer=\"10\"  data-halign=\"left\" style=\"text-align:left\"><div class=\"uvc-main-heading ult-responsive\"  data-ultimate-target='.uvc-heading.ultimate-heading-17969e5b20a7cb1a h3'  data-responsive-json-new='{\"font-size\":\"\",\"line-height\":\"\"}' ><h3 style=\"font-weight:normal;\">AMERICAN CONTAINER LINE<\/h3><\/div><div class=\"uvc-heading-spacer line_with_icon\" style=\"margin-top:15px;margin-bottom:20px;height:8px;\"><div class=\"ult-just-icon-wrapper  \"><div class=\"align-icon\" style=\"text-align:left;\">\n<div class=\"aio-icon none \"  style=\"font-size:8px;\">\n\t<i class=\"Defaults-circle\"><\/i>\n<\/div><\/div><\/div><\/div><div class=\"uvc-sub-heading ult-responsive\"  data-ultimate-target='.uvc-heading.ultimate-heading-17969e5b20a7cb1a .uvc-sub-heading '  data-responsive-json-new='{\"font-size\":\"desktop:20px;\",\"line-height\":\"desktop:28px;\"}'  style=\"font-family:&#039;Lato&#039;;font-style:italic;font-weight:normal;margin-bottom:40px;\"><span style=\"font-weight: 400;\">Hoy en d\u00eda, contamos con m\u00e1s de 60 profesionales altamente capacitados y dedicados al servicio de exportaci\u00f3n e importaci\u00f3n, distribuidos en diversas \u00e1reas que abarcan todos los aspectos de: transporte de carga, log\u00edstica internacional, log\u00edstica personalizada por empresa, o<\/span><span style=\"font-weight: 400;\">ptimizaci\u00f3n de la cadena de suministro, y m\u00e1s.<\/span><\/div><\/div><div class=\"zozo-features-list-wrapper vc-features-list\"><div class=\"features-list\"><div class=\"features-list-inner list-text-default\"><div class=\"features-icon\"><i class=\"icomoon1 icomoon-checkmark2 list-icon\" style=\"font-size:20px;\"><\/i><\/div><div class=\"list-desc\"><h4><b>SOMOS EL MEJOR ALIADO<\/b><\/h4>\n<p><span style=\"font-weight: 400;\">Estamos siempre ah\u00ed, listos para atender cualquier duda, asesorar y acompa\u00f1ar a cada cliente entregando soluciones de log\u00edstica integrada.<\/span><\/p>\n<\/div><\/div><\/div><\/div><div class=\"zozo-features-list-wrapper vc-features-list\"><div class=\"features-list\"><div class=\"features-list-inner list-text-default\"><div class=\"features-icon\"><i class=\"icomoon1 icomoon-checkmark2 list-icon\" style=\"font-size:20px;\"><\/i><\/div><div class=\"list-desc\"><h4><strong>APUNTALAMOS AL CRECIMIENTO<\/strong><\/h4>\n<p><span style=\"font-weight: 400;\">Cuando tomamos un proyecto el compromiso es 100%, cada log\u00edstica, sin importar si el transporte es <\/span><span style=\"font-weight: 400;\">nacional e internacional,<\/span><span style=\"font-weight: 400;\"> jugamos a favor del cliente para que su env\u00edo se realice con \u00e9xito.<\/span><\/p>\n<\/div><\/div><\/div><\/div><div class=\"zozo-features-list-wrapper vc-features-list\"><div class=\"features-list\"><div class=\"features-list-inner list-text-default\"><div class=\"features-icon\"><i class=\"icomoon1 icomoon-checkmark2 list-icon\" style=\"font-size:20px;\"><\/i><\/div><div class=\"list-desc\"><h4><strong>TU PROYECTO ES PRIORIDAD<\/strong><\/h4>\n<p><span style=\"font-weight: 400;\">Tomamos cada trabajo con la importancia que amerita, contamos con una red de distribuci\u00f3n global y operadores log\u00edsticos internacionales que velan por el cumplimiento de cada proyecto.<\/span><\/p>\n<\/div><\/div><\/div><\/div><\/div><\/div><\/div><\/div><\/div><\/div><\/section>\t\r\n\r\n\r\n\t<section class=\"vc_row wpb_row vc_row-fluid vc_custom_1700751569838 vc_row-has-fill vc-zozo-section typo-light\"><div class=\"zozo-vc-main-row-inner vc-normal-section\"><div class=\"wpb_column vc_main_column vc_column_container vc_col-sm-12 typo-default\"><div class=\"vc_column-inner \"><div class=\"wpb_wrapper\"><div class=\"vc_row wpb_row vc_inner vc_row-fluid\"><div class=\"zozo-vc-row-inner vc-inner-row-section clearfix vc-match-height-inner-row\"><div class=\"wpb_column vc_column_inner vc_column_container vc_col-sm-4 vc_col-has-fill typo-default\"><div class=\"vc_column-inner vc_custom_1700751372180\"><div class=\"wpb_wrapper\">\n\t<div  class=\"wpb_single_image wpb_content_element vc_align_center  wpb_animate_when_almost_visible wpb_fadeIn fadeIn\">\n\t\t\n\t\t<figure class=\"wpb_wrapper vc_figure\">\n\t\t\t<div class=\"vc_single_image-wrapper   vc_box_border_grey\"><img loading=\"lazy\" decoding=\"async\" width=\"290\" height=\"67\" src=\"https:\/\/americancontainer.cl\/wp-content\/uploads\/2023\/11\/Logo_nosotros_interno.png\" class=\"vc_single_image-img attachment-full\" alt=\"\" title=\"Logo_nosotros_interno\" \/><\/div>\n\t\t<\/figure>\n\t<\/div>\n<\/div><\/div><\/div><div class=\"wpb_column vc_column_inner vc_column_container vc_col-sm-4 typo-default bg-style bg-normal\"><div class=\"vc_column-inner vc_custom_1440679997232\"><div class=\"wpb_wrapper\"><div class=\"zozo-feature-box feature-box-style style-info-box style-box-without-bg style-sep-yes \" id=\"feature-box-5\"><div class=\"grid-item\"><div class=\"grid-box-inner grid-text-left grid-box-image grid-shape-none\"><div class=\"grid-content-wrapper\"><h5 class=\"grid-title text-center \" style=\"color:#333333;\">ACL, TU EMPRESA DE LOG\u00cdSTICA Y TRANSPORTE NACIONAL E INTERNACIONAL<\/h5><div class=\"grid-desc\" style=\"color:#333333;\"><p><span style=\"font-weight: 400;\">Hoy podemos decir que nuestros clientes han crecido junto a <\/span><b><i>American<\/i><\/b> <b><i>Container Line,<\/i><\/b><span style=\"font-weight: 400;\"> porque estamos siempre con ellos brind\u00e1ndoles un servicio de calidad.<\/span><\/p>\n<\/div><\/div><\/div><\/div><\/div><\/div><\/div><\/div><div class=\"wpb_column vc_column_inner vc_column_container vc_col-sm-4 vc_col-has-fill typo-default\"><div class=\"vc_column-inner vc_custom_1700751384117\"><div class=\"wpb_wrapper\">\n\t<div  class=\"wpb_single_image wpb_content_element vc_align_center  wpb_animate_when_almost_visible wpb_fadeIn fadeIn\">\n\t\t\n\t\t<figure class=\"wpb_wrapper vc_figure\">\n\t\t\t<div class=\"vc_single_image-wrapper   vc_box_border_grey\"><img loading=\"lazy\" decoding=\"async\" width=\"290\" height=\"67\" src=\"https:\/\/americancontainer.cl\/wp-content\/uploads\/2023\/11\/Logo_nosotros_interno.png\" class=\"vc_single_image-img attachment-full\" alt=\"\" title=\"Logo_nosotros_interno\" \/><\/div>\n\t\t<\/figure>\n\t<\/div>\n<\/div><\/div><\/div><\/div><\/div><\/div><\/div><\/div><\/div><\/section>\t\r\n\r\n\r\n\t<section class=\"vc_row wpb_row vc_row-fluid vc_custom_1700762129541 vc-zozo-section typo-dark\"><div class=\"zozo-vc-main-row-inner vc-normal-section\"><div class=\"container\"><div class=\"row\"><div class=\"wpb_column vc_main_column vc_column_container vc_col-sm-12 typo-default\"><div class=\"vc_column-inner vc_custom_1438151775550\"><div class=\"wpb_wrapper\"><section class=\"vc_cta3-container\"><div class=\"vc_general vc_cta3 vc_cta3-style-default vc_cta3-shape-rounded vc_cta3-align-center vc_cta3-color-classic vc_cta3-icon-size-md vc_cta3-actions-bottom\"><div class=\"vc_cta3_content-container\"><div class=\"vc_cta3-content\"><header class=\"vc_cta3-content-header\"><h4>CONT\u00c1CTANOS<\/h4><\/header><p>Queremos ser tu aliado en proyectos en log\u00edstica y transporte. Cotiza con nosotros, gustosamente te atenderemos.<\/p>\n<\/div><div class=\"vc_cta3-actions\"><div class=\"vc_btn3-container vc_btn3-inline\" ><a class=\"vc_general vc_btn3 vc_btn3-size-md vc_btn3-shape-rounded vc_btn3-style-default vc_btn3-color-primary-bg\" href=\"https:\/\/americancontainer.cl\/contacto-contact\/\" title=\"Contacto\">Escr\u00edbenos<\/a><\/div><\/div><\/div><\/div><\/section><\/div><\/div><\/div><\/div><\/div><\/div><\/section>\t\r\n\r\n\r\n\t<section class=\"vc_row wpb_row vc_row-fluid vc_custom_1700762138604 vc_row-has-fill vc-zozo-section typo-light\"><div class=\"zozo-vc-main-row-inner vc-normal-section\"><div class=\"container\"><div class=\"row\"><div class=\"wpb_column vc_main_column vc_column_container vc_col-sm-12 typo-default\"><div class=\"vc_column-inner \"><div class=\"wpb_wrapper\"><section class=\"vc_cta3-container\"><div class=\"vc_general vc_cta3 vc_cta3-style-default vc_cta3-shape-rounded vc_cta3-align-left vc_cta3-color-classic vc_cta3-icon-size-md vc_cta3-actions-right\"><div class=\"vc_cta3_content-container\"><div class=\"vc_cta3-content\"><header class=\"vc_cta3-content-header\"><h2>\u00bfQuieres saber m\u00e1s de nosotros? Te invitamos a descargar nuestra presentaci\u00f3n<\/h2><\/header><\/div><div class=\"vc_cta3-actions\"><div class=\"vc_btn3-container vc_btn3-center\" ><a class=\"vc_general vc_btn3 vc_btn3-size-md vc_btn3-shape-rounded vc_btn3-style-default vc_btn3-color-primary-bg\" href=\"https:\/\/americancontainer.cl\/wp-content\/uploads\/2025\/03\/ACL_Presentacion.pdf\" title=\"Presentaci\u00f3n American Container Line\" target=\"_blank\">Aqu\u00ed<\/a><\/div><\/div><\/div><\/div><\/section><\/div><\/div><\/div><\/div><\/div><\/div><\/section>\t\r\n\r\n<!-- Row Backgrounds --><div class=\"upb_bg_img\" data-ultimate-bg=\"url(https:\/\/americancontainer.cl\/wp-content\/uploads\/2023\/10\/Logo_header_3.png)\" data-image-id=\"6\" data-ultimate-bg-style=\"vcpb-vz-jquery\" data-bg-img-repeat=\"repeat\" data-bg-img-size=\"cover\" data-bg-img-position=\"\" data-parallx_sense=\"30\" data-bg-override=\"0\" data-bg_img_attach=\"scroll\" data-upb-overlay-color=\"rgba(0,0,0,0.5)\" data-upb-bg-animation=\"\" data-fadeout=\"\" data-bg-animation=\"left-animation\" data-bg-animation-type=\"h\" data-animation-repeat=\"repeat\" data-fadeout-percentage=\"30\" data-parallax-content=\"\" data-parallax-content-sense=\"30\" data-row-effect-mobile-disable=\"true\" data-img-parallax-mobile-disable=\"true\" data-rtl=\"false\"  data-custom-vc-row=\"\"  data-vc=\"7.0\"  data-is_old_vc=\"\"  data-theme-support=\"\"   data-overlay=\"true\" data-overlay-color=\"rgba(0,0,0,0.5)\" data-overlay-pattern=\"\" data-overlay-pattern-opacity=\"0.8\" data-overlay-pattern-size=\"\" data-overlay-pattern-attachment=\"scroll\"    ><\/div>\n<\/section>","protected":false},"excerpt":{"rendered":"\u00bfQui\u00e9nes somos? Somos una empresa chilena, de transporte y log\u00edstica internacional con tecnolog\u00eda que permite contar con una trazabilidad absoluta de puerta a puerta. En American Container Line, nos enorgullecemos...","protected":false},"author":1,"featured_media":0,"parent":0,"menu_order":0,"comment_status":"closed","ping_status":"closed","template":"template-fullwidth.php","meta":{"footnotes":""},"class_list":["post-18","page","type-page","status-publish","hentry"],"yoast_head":"<!-- This site is optimized with the Yoast SEO plugin v22.1 - https:\/\/yoast.com\/wordpress\/plugins\/seo\/ -->\n<title>La Empresa - American Container Line Chile<\/title>\n<meta name=\"robots\" content=\"index, follow, max-snippet:-1, max-image-preview:large, max-video-preview:-1\" \/>\n<link rel=\"canonical\" href=\"https:\/\/americancontainer.cl\/es_cl\/la-empresa-company\/\" \/>\n<meta property=\"og:locale\" content=\"es_ES\" \/>\n<meta property=\"og:type\" content=\"article\" \/>\n<meta property=\"og:title\" content=\"La Empresa - American Container Line Chile\" \/>\n<meta property=\"og:url\" content=\"https:\/\/americancontainer.cl\/es_cl\/la-empresa-company\/\" \/>\n<meta property=\"og:site_name\" content=\"American Container Line Chile\" \/>\n<meta property=\"article:modified_time\" content=\"2025-03-12T20:40:43+00:00\" \/>\n<meta name=\"twitter:card\" content=\"summary_large_image\" \/>\n<meta name=\"twitter:label1\" content=\"Est. reading time\" \/>\n\t<meta name=\"twitter:data1\" content=\"4 minutos\" \/>\n<script type=\"application\/ld+json\" class=\"yoast-schema-graph\">{\"@context\":\"https:\/\/schema.org\",\"@graph\":[{\"@type\":\"WebPage\",\"@id\":\"https:\/\/americancontainer.cl\/la-empresa-company\/\",\"url\":\"https:\/\/americancontainer.cl\/la-empresa-company\/\",\"name\":\"La Empresa - American Container Line Chile\",\"isPartOf\":{\"@id\":\"https:\/\/americancontainer.cl\/es_cl\/#website\"},\"datePublished\":\"2015-08-28T11:54:34+00:00\",\"dateModified\":\"2025-03-12T20:40:43+00:00\",\"breadcrumb\":{\"@id\":\"https:\/\/americancontainer.cl\/la-empresa-company\/#breadcrumb\"},\"inLanguage\":\"es-CL\",\"potentialAction\":[{\"@type\":\"ReadAction\",\"target\":[\"https:\/\/americancontainer.cl\/la-empresa-company\/\"]}]},{\"@type\":\"BreadcrumbList\",\"@id\":\"https:\/\/americancontainer.cl\/la-empresa-company\/#breadcrumb\",\"itemListElement\":[{\"@type\":\"ListItem\",\"position\":1,\"name\":\"Portada\",\"item\":\"https:\/\/americancontainer.cl\/\"},{\"@type\":\"ListItem\",\"position\":2,\"name\":\"La Empresa\"}]},{\"@type\":\"WebSite\",\"@id\":\"https:\/\/americancontainer.cl\/es_cl\/#website\",\"url\":\"https:\/\/americancontainer.cl\/es_cl\/\",\"name\":\"American Container Line Chile\",\"description\":\"Empresa de transporte y log\u00edstica internacional\",\"potentialAction\":[{\"@type\":\"SearchAction\",\"target\":{\"@type\":\"EntryPoint\",\"urlTemplate\":\"https:\/\/americancontainer.cl\/es_cl\/?s={search_term_string}\"},\"query-input\":\"required name=search_term_string\"}],\"inLanguage\":\"es-CL\"}]}<\/script>\n<!-- \/ Yoast SEO plugin. -->","yoast_head_json":{"title":"La Empresa - American Container Line Chile","robots":{"index":"index","follow":"follow","max-snippet":"max-snippet:-1","max-image-preview":"max-image-preview:large","max-video-preview":"max-video-preview:-1"},"canonical":"https:\/\/americancontainer.cl\/es_cl\/la-empresa-company\/","og_locale":"es_ES","og_type":"article","og_title":"La Empresa - American Container Line Chile","og_url":"https:\/\/americancontainer.cl\/es_cl\/la-empresa-company\/","og_site_name":"American Container Line Chile","article_modified_time":"2025-03-12T20:40:43+00:00","twitter_card":"summary_large_image","twitter_misc":{"Est. reading time":"4 minutos"},"schema":{"@context":"https:\/\/schema.org","@graph":[{"@type":"WebPage","@id":"https:\/\/americancontainer.cl\/la-empresa-company\/","url":"https:\/\/americancontainer.cl\/la-empresa-company\/","name":"La Empresa - American Container Line Chile","isPartOf":{"@id":"https:\/\/americancontainer.cl\/es_cl\/#website"},"datePublished":"2015-08-28T11:54:34+00:00","dateModified":"2025-03-12T20:40:43+00:00","breadcrumb":{"@id":"https:\/\/americancontainer.cl\/la-empresa-company\/#breadcrumb"},"inLanguage":"es-CL","potentialAction":[{"@type":"ReadAction","target":["https:\/\/americancontainer.cl\/la-empresa-company\/"]}]},{"@type":"BreadcrumbList","@id":"https:\/\/americancontainer.cl\/la-empresa-company\/#breadcrumb","itemListElement":[{"@type":"ListItem","position":1,"name":"Portada","item":"https:\/\/americancontainer.cl\/"},{"@type":"ListItem","position":2,"name":"La Empresa"}]},{"@type":"WebSite","@id":"https:\/\/americancontainer.cl\/es_cl\/#website","url":"https:\/\/americancontainer.cl\/es_cl\/","name":"American Container Line Chile","description":"Empresa de transporte y log\u00edstica internacional","potentialAction":[{"@type":"SearchAction","target":{"@type":"EntryPoint","urlTemplate":"https:\/\/americancontainer.cl\/es_cl\/?s={search_term_string}"},"query-input":"required name=search_term_string"}],"inLanguage":"es-CL"}]}},"_links":{"self":[{"href":"https:\/\/americancontainer.cl\/es_cl\/wp-json\/wp\/v2\/pages\/18","targetHints":{"allow":["GET"]}}],"collection":[{"href":"https:\/\/americancontainer.cl\/es_cl\/wp-json\/wp\/v2\/pages"}],"about":[{"href":"https:\/\/americancontainer.cl\/es_cl\/wp-json\/wp\/v2\/types\/page"}],"author":[{"embeddable":true,"href":"https:\/\/americancontainer.cl\/es_cl\/wp-json\/wp\/v2\/users\/1"}],"replies":[{"embeddable":true,"href":"https:\/\/americancontainer.cl\/es_cl\/wp-json\/wp\/v2\/comments?post=18"}],"version-history":[{"count":32,"href":"https:\/\/americancontainer.cl\/es_cl\/wp-json\/wp\/v2\/pages\/18\/revisions"}],"predecessor-version":[{"id":1210,"href":"https:\/\/americancontainer.cl\/es_cl\/wp-json\/wp\/v2\/pages\/18\/revisions\/1210"}],"wp:attachment":[{"href":"https:\/\/americancontainer.cl\/es_cl\/wp-json\/wp\/v2\/media?parent=18"}],"curies":[{"name":"wp","href":"https:\/\/api.w.org\/{rel}","templated":true}]}}